{"id":1397,"date":"2023-09-12T09:43:27","date_gmt":"2023-09-12T02:43:27","guid":{"rendered":"https:\/\/www.mp-uni.com\/?page_id=1397"},"modified":"2024-04-19T08:11:47","modified_gmt":"2024-04-19T01:11:47","slug":"paint-marker","status":"publish","type":"page","link":"https:\/\/www.mp-uni.com\/vn\/product\/paint-marker\/","title":{"rendered":"Paint Marker"},"content":{"rendered":"<div class=\"wpb-content-wrapper\"><p>[vc_row][vc_column][vc_row_inner css=&#8221;.vc_custom_1696667796426{margin-bottom: 40px !important;}&#8221;][vc_column_inner width=&#8221;2\/3&#8243;][vc_column_text css=&#8221;.vc_custom_1699505400063{margin-bottom: 10px !important;}&#8221;]L\u00e0 th\u01b0\u01a1ng hi\u1ec7u b\u00fat \u0111\u00e1nh d\u1ea5u b\u1eb1ng s\u01a1n ph\u1ed5 bi\u1ebfn nh\u1ea5t th\u1ebf gi\u1edbi, uni Paint Market l\u00e0 lo\u1ea1i b\u00fat \u0111\u00e1nh d\u1ea5u kh\u00f4ng th\u1ec3 t\u1ea9y x\u00f3a, \u0111\u01b0\u1ee3c thi\u1ebft k\u1ebf \u0111\u1ec3 d\u00f9ng vi\u1ebft tr\u00ean m\u1ecdi lo\u1ea1i b\u1ec1 m\u1eb7t v\u1eadt li\u1ec7u t\u1eeb gi\u1ea5y, kim lo\u1ea1i, th\u1ee7y tinh, nh\u1ef1a, g\u1ed7, v\u1ea3i v\u00e0 \u0111\u00e1. S\u1ea3n ph\u1ea9m c\u0169ng b\u1ea3o \u0111\u1ea3m ch\u1ed1ng th\u1ea5m n\u01b0\u1edbc v\u00e0 kh\u00f4ng ch\u1ee9a sulphur, chlorine hay silicon.[\/vc_column_text][vc_single_image image=&#8221;1400&#8243; img_size=&#8221;full&#8221; alignment=&#8221;center&#8221;][\/vc_column_inner][vc_column_inner width=&#8221;1\/3&#8243;][vc_column_text el_class=&#8221;.remarkableBox&#8221;]<\/p>\n<h2>\u0110i\u1ec3m \u0111\u1eb7c tr\u01b0ng<\/h2>\n<ul>\n<li>Vi\u1ebft \u0111\u01b0\u1ee3c tr\u00ean h\u1ea7u h\u1ebft b\u1ec1 m\u1eb7t v\u1eadt li\u1ec7u<\/li>\n<li>M\u00e0u m\u1ef1c s\u1ed1ng \u0111\u1ed9ng<\/li>\n<li>Kh\u00f4ng ch\u1ee9a sulphur, chlorine hay silicon<\/li>\n<\/ul>\n<p>[\/vc_column_text][\/vc_column_inner][\/vc_row_inner][vc_row_inner css=&#8221;.vc_custom_1696667386162{margin-bottom: 40px !important;}&#8221;][vc_column_inner width=&#8221;1\/3&#8243;][vc_column_text css=&#8221;.vc_custom_1699606549385{padding-top: 20px !important;}&#8221;]<\/p>\n<h3>Ch\u1ec9 d\u1eabn<\/h3>\n<p><span style=\"color: #ff0000;\">** Vui l\u00f2ng th\u1eed tr\u00ean gi\u1ea5y tr\u01b0\u1edbc khi s\u1eed d\u1ee5ng **<\/span><\/p>\n<ol>\n<li>L\u1eafc b\u00fat s\u01a1n trong khi \u0111\u1eady n\u1eafp th\u1eadt ch\u1eb7t<\/li>\n<li>\u0110\u1ea9y \u0111\u1ea7u b\u00fat \u0111\u00e1nh d\u1ea5u l\u00ean xu\u1ed1ng cho \u0111\u1ebfn khi b\u1ea1n nh\u00ecn th\u1ea5y m\u00e0u m\u1ef1c tr\u00ean \u0111\u1ea7u b\u00fat.<\/li>\n<\/ol>\n<p>[\/vc_column_text][\/vc_column_inner][vc_column_inner width=&#8221;1\/3&#8243;][vc_single_image image=&#8221;1401&#8243; img_size=&#8221;full&#8221;][\/vc_column_inner][vc_column_inner width=&#8221;1\/3&#8243;][vc_video link=&#8221;https:\/\/youtu.be\/JQtH4SANSEU&#8221;][\/vc_column_inner][\/vc_row_inner][vc_single_image image=&#8221;1409&#8243; img_size=&#8221;full&#8221; alignment=&#8221;center&#8221;][\/vc_column][\/vc_row][vc_row el_class=&#8221;.advanceBox&#8221; css=&#8221;.vc_custom_1696736994031{background-color: #e4f2ff !important;}&#8221;][vc_column][vc_row_inner css=&#8221;.vc_custom_1696738571484{margin-bottom: 29px !important;}&#8221;][vc_column_inner width=&#8221;2\/3&#8243;][vc_single_image image=&#8221;1421&#8243; img_size=&#8221;full&#8221; css=&#8221;.vc_custom_1696738404814{margin-bottom: 20px !important;}&#8221;][vc_column_text css=&#8221;.vc_custom_1699606567569{margin-bottom: 20px !important;}&#8221;]S\u1eed d\u1ee5ng lo\u1ea1i m\u1ef1c g\u1ed1c c\u1ed3n m\u1edbi \u0111\u01b0\u1ee3c ph\u00e1t tri\u1ec3n, th\u00e2n thi\u1ec7n v\u1edbi m\u00f4i tr\u01b0\u1eddng (kh\u00f4ng ch\u1ee9a Xylene) v\u00e0 mang l\u1ea1i hi\u1ec7u su\u1ea5t v\u1ebd tuy\u1ec7t v\u1eddi[\/vc_column_text][vc_single_image image=&#8221;1416&#8243; img_size=&#8221;536&#215;59&#8243; alignment=&#8221;center&#8221;][\/vc_column_inner][vc_column_inner width=&#8221;1\/3&#8243;][vc_column_text el_class=&#8221;.remarkableBox .white&#8221;]<\/p>\n<h2>\u0110i\u1ec3m \u0111\u00e1ng ch\u00fa \u00fd<\/h2>\n<ul>\n<li>Vi\u1ebft tr\u00ean h\u1ea7u h\u1ebft c\u00e1c b\u1ec1 m\u1eb7t<\/li>\n<li>M\u1ef1c m\u00e0u s\u1ed1ng \u0111\u1ed9ng<\/li>\n<li>Kh\u00f4ng ch\u1ee9a Xylene<\/li>\n<li>Thi\u1ebft k\u1ebf m\u0169 m\u1edbi<\/li>\n<\/ul>\n<p>[\/vc_column_text][\/vc_column_inner][\/vc_row_inner][vc_row_inner][vc_column_inner width=&#8221;1\/2&#8243;][vc_column_text css=&#8221;.vc_custom_1699606635112{padding-top: 20px !important;}&#8221;]<\/p>\n<h3>Thi\u1ebft k\u1ebf m\u0169 m\u1edbi<\/h3>\n<p>Thi\u1ebft k\u1ebf n\u1eafp m\u1edbi \u0111\u1ea3m b\u1ea3o kh\u1ea3 n\u0103ng l\u00e0m vi\u1ec7c v\u00e0 hi\u1ec7u qu\u1ea3 t\u1ea1i c\u00f4ng tr\u01b0\u1eddng.<\/p>\n<p>N\u1eafp \u0111\u1eady th\u00f9ng[\/vc_column_text][\/vc_column_inner][vc_column_inner width=&#8221;1\/2&#8243;][vc_single_image image=&#8221;1417&#8243; img_size=&#8221;full&#8221; alignment=&#8221;center&#8221; onclick=&#8221;link_image&#8221;][\/vc_column_inner][\/vc_row_inner][\/vc_column][\/vc_row][vc_row][vc_column][vc_column_text]<\/p>\n<h5>Be Aware !! Fake UNI\u00ae markers<\/h5>\n<p>[\/vc_column_text][\/vc_column][\/vc_row]<\/p>\n<\/div>","protected":false},"excerpt":{"rendered":"<p>[vc_row][vc_column][vc_row_inner css=&#8221;.vc_custom_1696667796426{margin-bottom: 40px !important;}&#8221;][vc_column_inner width=&#8221;2\/3&#8243;][vc_column_text css=&#8221;.vc_custom_1699505400063{margin-bottom: 10px !important;}&#8221;]L\u00e0 th\u01b0\u01a1ng hi\u1ec7u b\u00fat \u0111\u00e1nh d\u1ea5u b\u1eb1ng s\u01a1n ph\u1ed5 bi\u1ebfn nh\u1ea5t th\u1ebf gi\u1edbi, uni Paint Market l\u00e0 lo\u1ea1i b\u00fat \u0111\u00e1nh d\u1ea5u kh\u00f4ng th\u1ec3 t\u1ea9y x\u00f3a, \u0111\u01b0\u1ee3c thi\u1ebft k\u1ebf \u0111\u1ec3 d\u00f9ng vi\u1ebft tr\u00ean m\u1ecdi lo\u1ea1i b\u1ec1 m\u1eb7t v\u1eadt li\u1ec7u t\u1eeb gi\u1ea5y, kim lo\u1ea1i, th\u1ee7y tinh, nh\u1ef1a, g\u1ed7, v\u1ea3i v\u00e0 [&hellip;]<\/p>\n","protected":false},"author":1,"featured_media":0,"parent":2,"menu_order":9,"comment_status":"closed","ping_status":"closed","template":"","meta":{"footnotes":"","_links_to":"","_links_to_target":""},"class_list":["post-1397","page","type-page","status-publish","hentry"],"yoast_head":"<!-- This site is optimized with the Yoast SEO plugin v26.2 - https:\/\/yoast.com\/wordpress\/plugins\/seo\/ -->\n<title>Paint Marker | UNI VIETNAM<\/title>\n<meta name=\"robots\" content=\"index, follow, max-snippet:-1, max-image-preview:large, max-video-preview:-1\" \/>\n<link rel=\"canonical\" href=\"https:\/\/www.mp-uni.com\/vn\/product\/paint-marker\/\" \/>\n<meta property=\"og:locale\" content=\"en_US\" \/>\n<meta property=\"og:type\" content=\"article\" \/>\n<meta property=\"og:title\" content=\"Paint Marker | UNI VIETNAM\" \/>\n<meta property=\"og:description\" content=\"[vc_row][vc_column][vc_row_inner css=&#8221;.vc_custom_1696667796426{margin-bottom: 40px !important;}&#8221;][vc_column_inner width=&#8221;2\/3&#8243;][vc_column_text css=&#8221;.vc_custom_1699505400063{margin-bottom: 10px !important;}&#8221;]L\u00e0 th\u01b0\u01a1ng hi\u1ec7u b\u00fat \u0111\u00e1nh d\u1ea5u b\u1eb1ng s\u01a1n ph\u1ed5 bi\u1ebfn nh\u1ea5t th\u1ebf gi\u1edbi, uni Paint Market l\u00e0 lo\u1ea1i b\u00fat \u0111\u00e1nh d\u1ea5u kh\u00f4ng th\u1ec3 t\u1ea9y x\u00f3a, \u0111\u01b0\u1ee3c thi\u1ebft k\u1ebf \u0111\u1ec3 d\u00f9ng vi\u1ebft tr\u00ean m\u1ecdi lo\u1ea1i b\u1ec1 m\u1eb7t v\u1eadt li\u1ec7u t\u1eeb gi\u1ea5y, kim lo\u1ea1i, th\u1ee7y tinh, nh\u1ef1a, g\u1ed7, v\u1ea3i v\u00e0 [&hellip;]\" \/>\n<meta property=\"og:url\" content=\"https:\/\/www.mp-uni.com\/vn\/product\/paint-marker\/\" \/>\n<meta property=\"og:site_name\" content=\"UNI VIETNAM\" \/>\n<meta property=\"article:publisher\" content=\"https:\/\/www.facebook.com\/uni-Vietnam-248007665744387\/\" \/>\n<meta property=\"article:modified_time\" content=\"2024-04-19T01:11:47+00:00\" \/>\n<meta property=\"og:image\" content=\"https:\/\/www.mp-uni.com\/vn\/wp-content\/uploads\/sites\/3\/2023\/12\/uni-ball_Share.png\" \/>\n\t<meta property=\"og:image:width\" content=\"1200\" \/>\n\t<meta property=\"og:image:height\" content=\"675\" \/>\n\t<meta property=\"og:image:type\" content=\"image\/png\" \/>\n<meta name=\"twitter:card\" content=\"summary_large_image\" \/>\n<meta name=\"twitter:label1\" content=\"Est. reading time\" \/>\n\t<meta name=\"twitter:data1\" content=\"3 minutes\" \/>\n<script type=\"application\/ld+json\" class=\"yoast-schema-graph\">{\"@context\":\"https:\/\/schema.org\",\"@graph\":[{\"@type\":\"WebPage\",\"@id\":\"https:\/\/www.mp-uni.com\/vn\/product\/paint-marker\/\",\"url\":\"https:\/\/www.mp-uni.com\/vn\/product\/paint-marker\/\",\"name\":\"Paint Marker | UNI VIETNAM\",\"isPartOf\":{\"@id\":\"https:\/\/www.mp-uni.com\/vn\/#website\"},\"datePublished\":\"2023-09-12T02:43:27+00:00\",\"dateModified\":\"2024-04-19T01:11:47+00:00\",\"breadcrumb\":{\"@id\":\"https:\/\/www.mp-uni.com\/vn\/product\/paint-marker\/#breadcrumb\"},\"inLanguage\":\"en-US\",\"potentialAction\":[{\"@type\":\"ReadAction\",\"target\":[\"https:\/\/www.mp-uni.com\/vn\/product\/paint-marker\/\"]}]},{\"@type\":\"BreadcrumbList\",\"@id\":\"https:\/\/www.mp-uni.com\/vn\/product\/paint-marker\/#breadcrumb\",\"itemListElement\":[{\"@type\":\"ListItem\",\"position\":1,\"name\":\"Home\",\"item\":\"https:\/\/www.mp-uni.com\/vn\/\"},{\"@type\":\"ListItem\",\"position\":2,\"name\":\"S\u1ea3n ph\u1ea9m\",\"item\":\"https:\/\/www.mp-uni.com\/vn\/product\/\"},{\"@type\":\"ListItem\",\"position\":3,\"name\":\"Paint Marker\"}]},{\"@type\":\"WebSite\",\"@id\":\"https:\/\/www.mp-uni.com\/vn\/#website\",\"url\":\"https:\/\/www.mp-uni.com\/vn\/\",\"name\":\"UNI VIETNAM\",\"description\":\"uni Mitsubishi Pencil a leading writing instruments manufacture.\",\"publisher\":{\"@id\":\"https:\/\/www.mp-uni.com\/vn\/#organization\"},\"alternateName\":\"MITSUBISHI PENCIL CO., LTD.\",\"potentialAction\":[{\"@type\":\"SearchAction\",\"target\":{\"@type\":\"EntryPoint\",\"urlTemplate\":\"https:\/\/www.mp-uni.com\/vn\/?s={search_term_string}\"},\"query-input\":{\"@type\":\"PropertyValueSpecification\",\"valueRequired\":true,\"valueName\":\"search_term_string\"}}],\"inLanguage\":\"en-US\"},{\"@type\":\"Organization\",\"@id\":\"https:\/\/www.mp-uni.com\/vn\/#organization\",\"name\":\"MITSUBISHI PENCIL CO., LTD.\",\"alternateName\":\"MITSUBISHI PENCIL CO., LTD.\",\"url\":\"https:\/\/www.mp-uni.com\/vn\/\",\"logo\":{\"@type\":\"ImageObject\",\"inLanguage\":\"en-US\",\"@id\":\"https:\/\/www.mp-uni.com\/vn\/#\/schema\/logo\/image\/\",\"url\":\"https:\/\/www.mp-uni.com\/vn\/wp-content\/uploads\/sites\/3\/2023\/12\/uni-ball.jpg\",\"contentUrl\":\"https:\/\/www.mp-uni.com\/vn\/wp-content\/uploads\/sites\/3\/2023\/12\/uni-ball.jpg\",\"width\":696,\"height\":696,\"caption\":\"MITSUBISHI PENCIL CO., LTD.\"},\"image\":{\"@id\":\"https:\/\/www.mp-uni.com\/vn\/#\/schema\/logo\/image\/\"},\"sameAs\":[\"https:\/\/www.facebook.com\/uni-Vietnam-248007665744387\/\"]}]}<\/script>\n<!-- \/ Yoast SEO plugin. -->","yoast_head_json":{"title":"Paint Marker | UNI VIETNAM","robots":{"index":"index","follow":"follow","max-snippet":"max-snippet:-1","max-image-preview":"max-image-preview:large","max-video-preview":"max-video-preview:-1"},"canonical":"https:\/\/www.mp-uni.com\/vn\/product\/paint-marker\/","og_locale":"en_US","og_type":"article","og_title":"Paint Marker | UNI VIETNAM","og_description":"[vc_row][vc_column][vc_row_inner css=&#8221;.vc_custom_1696667796426{margin-bottom: 40px !important;}&#8221;][vc_column_inner width=&#8221;2\/3&#8243;][vc_column_text css=&#8221;.vc_custom_1699505400063{margin-bottom: 10px !important;}&#8221;]L\u00e0 th\u01b0\u01a1ng hi\u1ec7u b\u00fat \u0111\u00e1nh d\u1ea5u b\u1eb1ng s\u01a1n ph\u1ed5 bi\u1ebfn nh\u1ea5t th\u1ebf gi\u1edbi, uni Paint Market l\u00e0 lo\u1ea1i b\u00fat \u0111\u00e1nh d\u1ea5u kh\u00f4ng th\u1ec3 t\u1ea9y x\u00f3a, \u0111\u01b0\u1ee3c thi\u1ebft k\u1ebf \u0111\u1ec3 d\u00f9ng vi\u1ebft tr\u00ean m\u1ecdi lo\u1ea1i b\u1ec1 m\u1eb7t v\u1eadt li\u1ec7u t\u1eeb gi\u1ea5y, kim lo\u1ea1i, th\u1ee7y tinh, nh\u1ef1a, g\u1ed7, v\u1ea3i v\u00e0 [&hellip;]","og_url":"https:\/\/www.mp-uni.com\/vn\/product\/paint-marker\/","og_site_name":"UNI VIETNAM","article_publisher":"https:\/\/www.facebook.com\/uni-Vietnam-248007665744387\/","article_modified_time":"2024-04-19T01:11:47+00:00","og_image":[{"width":1200,"height":675,"url":"https:\/\/www.mp-uni.com\/vn\/wp-content\/uploads\/sites\/3\/2023\/12\/uni-ball_Share.png","type":"image\/png"}],"twitter_card":"summary_large_image","twitter_misc":{"Est. reading time":"3 minutes"},"schema":{"@context":"https:\/\/schema.org","@graph":[{"@type":"WebPage","@id":"https:\/\/www.mp-uni.com\/vn\/product\/paint-marker\/","url":"https:\/\/www.mp-uni.com\/vn\/product\/paint-marker\/","name":"Paint Marker | UNI VIETNAM","isPartOf":{"@id":"https:\/\/www.mp-uni.com\/vn\/#website"},"datePublished":"2023-09-12T02:43:27+00:00","dateModified":"2024-04-19T01:11:47+00:00","breadcrumb":{"@id":"https:\/\/www.mp-uni.com\/vn\/product\/paint-marker\/#breadcrumb"},"inLanguage":"en-US","potentialAction":[{"@type":"ReadAction","target":["https:\/\/www.mp-uni.com\/vn\/product\/paint-marker\/"]}]},{"@type":"BreadcrumbList","@id":"https:\/\/www.mp-uni.com\/vn\/product\/paint-marker\/#breadcrumb","itemListElement":[{"@type":"ListItem","position":1,"name":"Home","item":"https:\/\/www.mp-uni.com\/vn\/"},{"@type":"ListItem","position":2,"name":"S\u1ea3n ph\u1ea9m","item":"https:\/\/www.mp-uni.com\/vn\/product\/"},{"@type":"ListItem","position":3,"name":"Paint Marker"}]},{"@type":"WebSite","@id":"https:\/\/www.mp-uni.com\/vn\/#website","url":"https:\/\/www.mp-uni.com\/vn\/","name":"UNI VIETNAM","description":"uni Mitsubishi Pencil a leading writing instruments manufacture.","publisher":{"@id":"https:\/\/www.mp-uni.com\/vn\/#organization"},"alternateName":"MITSUBISHI PENCIL CO., LTD.","potentialAction":[{"@type":"SearchAction","target":{"@type":"EntryPoint","urlTemplate":"https:\/\/www.mp-uni.com\/vn\/?s={search_term_string}"},"query-input":{"@type":"PropertyValueSpecification","valueRequired":true,"valueName":"search_term_string"}}],"inLanguage":"en-US"},{"@type":"Organization","@id":"https:\/\/www.mp-uni.com\/vn\/#organization","name":"MITSUBISHI PENCIL CO., LTD.","alternateName":"MITSUBISHI PENCIL CO., LTD.","url":"https:\/\/www.mp-uni.com\/vn\/","logo":{"@type":"ImageObject","inLanguage":"en-US","@id":"https:\/\/www.mp-uni.com\/vn\/#\/schema\/logo\/image\/","url":"https:\/\/www.mp-uni.com\/vn\/wp-content\/uploads\/sites\/3\/2023\/12\/uni-ball.jpg","contentUrl":"https:\/\/www.mp-uni.com\/vn\/wp-content\/uploads\/sites\/3\/2023\/12\/uni-ball.jpg","width":696,"height":696,"caption":"MITSUBISHI PENCIL CO., LTD."},"image":{"@id":"https:\/\/www.mp-uni.com\/vn\/#\/schema\/logo\/image\/"},"sameAs":["https:\/\/www.facebook.com\/uni-Vietnam-248007665744387\/"]}]}},"_links":{"self":[{"href":"https:\/\/www.mp-uni.com\/vn\/wp-json\/wp\/v2\/pages\/1397","targetHints":{"allow":["GET"]}}],"collection":[{"href":"https:\/\/www.mp-uni.com\/vn\/wp-json\/wp\/v2\/pages"}],"about":[{"href":"https:\/\/www.mp-uni.com\/vn\/wp-json\/wp\/v2\/types\/page"}],"author":[{"embeddable":true,"href":"https:\/\/www.mp-uni.com\/vn\/wp-json\/wp\/v2\/users\/1"}],"replies":[{"embeddable":true,"href":"https:\/\/www.mp-uni.com\/vn\/wp-json\/wp\/v2\/comments?post=1397"}],"version-history":[{"count":22,"href":"https:\/\/www.mp-uni.com\/vn\/wp-json\/wp\/v2\/pages\/1397\/revisions"}],"predecessor-version":[{"id":5607,"href":"https:\/\/www.mp-uni.com\/vn\/wp-json\/wp\/v2\/pages\/1397\/revisions\/5607"}],"up":[{"embeddable":true,"href":"https:\/\/www.mp-uni.com\/vn\/wp-json\/wp\/v2\/pages\/2"}],"wp:attachment":[{"href":"https:\/\/www.mp-uni.com\/vn\/wp-json\/wp\/v2\/media?parent=1397"}],"curies":[{"name":"wp","href":"https:\/\/api.w.org\/{rel}","templated":true}]}}