{"id":1426,"date":"2023-09-12T09:43:27","date_gmt":"2023-09-12T02:43:27","guid":{"rendered":"https:\/\/www.mp-uni.com\/?page_id=1426"},"modified":"2023-11-10T15:55:36","modified_gmt":"2023-11-10T08:55:36","slug":"pin","status":"publish","type":"page","link":"https:\/\/www.mp-uni.com\/vn\/product\/pin\/","title":{"rendered":"Pin"},"content":{"rendered":"<div class=\"wpb-content-wrapper\"><p>[vc_row][vc_column][vc_row_inner][vc_column_inner width=&#8221;2\/3&#8243;][vc_column_text]uni PIN l\u00e0 lo\u1ea1i b\u00fat v\u1ebd n\u00e9t nh\u1ecf ph\u00f9 h\u1ee3p \u0111\u1ec3 s\u1eed d\u1ee5ng v\u1edbi m\u1ecdi lo\u1ea1i h\u00ecnh ngh\u1ec7 thu\u1eadt v\u00e0 thi\u1ebft k\u1ebf[\/vc_column_text][vc_single_image image=&#8221;1615&#8243; img_size=&#8221;full&#8221; alignment=&#8221;center&#8221;][\/vc_column_inner][vc_column_inner width=&#8221;1\/3&#8243;][vc_column_text el_class=&#8221;.remarkableBox&#8221;]<\/p>\n<h2>\u0110i\u1ec3m \u0111\u1eb7c tr\u01b0ng<\/h2>\n<ul>\n<li>Ch\u1ed1ng th\u1ea5m n\u01b0\u1edbc v\u00e0 ch\u1ed1ng phai<\/li>\n<li>K\u00edch c\u1ee1 \u0111\u1ea7u b\u00fat \u0111a d\u1ea1ng<\/li>\n<li>Brush tip<\/li>\n<\/ul>\n<p>[\/vc_column_text][\/vc_column_inner][\/vc_row_inner][vc_row_inner css=&#8221;.vc_custom_1695118240930{margin-bottom: 40px !important;}&#8221;][vc_column_inner width=&#8221;1\/2&#8243;][vc_single_image image=&#8221;1430&#8243; img_size=&#8221;full&#8221; onclick=&#8221;link_image&#8221; css=&#8221;.vc_custom_1696739855525{margin-bottom: 0px !important;}&#8221; el_class=&#8221;mgnLeft30&#8243;][\/vc_column_inner][vc_column_inner width=&#8221;1\/2&#8243;][vc_column_text css=&#8221;.vc_custom_1699504788406{padding-top: 20px !important;}&#8221;]<\/p>\n<h3>Kh\u00f4ng th\u1ea5m n\u01b0\u1edbc<\/h3>\n<p>M\u1ef1c super uni l\u00e0 m\u1ed9t c\u00f4ng ngh\u1ec7 \u0111\u1ed5i m\u1edbi \u0111\u1ed9c \u0111\u00e1o t\u1eeb Uni. M\u1ef1c c\u00f3 kh\u1ea3 n\u0103ng ch\u1ecbu \u0111\u01b0\u1ee3c n\u01b0\u1edbc v\u00e0 kh\u00f4ng b\u1ecb r\u1eeda tr\u00f4i d\u1ec5 d\u00e0ng.[\/vc_column_text][vc_single_image image=&#8221;536&#8243; img_size=&#8221;full&#8221;][vc_column_text]<\/p>\n<h3>M\u1ef0C SI\u00caU\u2122<\/h3>\n<p>N\u1ed5i b\u1eadt trong t\u1ea5t c\u1ea3 c\u00e1c lo\u1ea1i b\u00fat bi \u0111\u01a1n v\u00e0 n\u1ed5i b\u1eadt nh\u1ea5t l\u00e0 d\u00f2ng SIGNO, Super Ink\u2122 l\u00e0 lo\u1ea1i m\u1ef1c b\u1ed9t m\u00e0u ch\u1ea5t l\u01b0\u1ee3ng d\u00e0nh cho l\u01b0u tr\u1eef, cung c\u1ea5p m\u1ee9c \u0111\u1ed9 kh\u00e1ng n\u01b0\u1edbc, h\u00f3a ch\u1ea5t v\u00e0 \u00e1nh s\u00e1ng v\u01b0\u1ee3t tr\u1ed9i.<\/p>\n<ul>\n<li>Axit mi\u00ean phi<\/li>\n<li>M\u1ef1c v\u0129nh vi\u1ec5n<\/li>\n<li>L\u00e2u d\u00e0i<\/li>\n<\/ul>\n<p>[\/vc_column_text][\/vc_column_inner][\/vc_row_inner][vc_row_inner][vc_column_inner width=&#8221;1\/2&#8243;][vc_video link=&#8221;https:\/\/www.youtube.com\/watch?v=wCkG2mnuJeE&#8221;][\/vc_column_inner][vc_column_inner width=&#8221;1\/2&#8243;][vc_video link=&#8221;https:\/\/youtu.be\/KjXYLqSLH1E&#8221;][\/vc_column_inner][\/vc_row_inner][\/vc_column][\/vc_row]<\/p>\n<\/div>","protected":false},"excerpt":{"rendered":"<p>[vc_row][vc_column][vc_row_inner][vc_column_inner width=&#8221;2\/3&#8243;][vc_column_text]uni PIN l\u00e0 lo\u1ea1i b\u00fat v\u1ebd n\u00e9t nh\u1ecf ph\u00f9 h\u1ee3p \u0111\u1ec3 s\u1eed d\u1ee5ng v\u1edbi m\u1ecdi lo\u1ea1i h\u00ecnh ngh\u1ec7 thu\u1eadt v\u00e0 thi\u1ebft k\u1ebf[\/vc_column_text][vc_single_image image=&#8221;1615&#8243; img_size=&#8221;full&#8221; alignment=&#8221;center&#8221;][\/vc_column_inner][vc_column_inner width=&#8221;1\/3&#8243;][vc_column_text el_class=&#8221;.remarkableBox&#8221;] \u0110i\u1ec3m \u0111\u1eb7c tr\u01b0ng Ch\u1ed1ng th\u1ea5m n\u01b0\u1edbc v\u00e0 ch\u1ed1ng phai K\u00edch c\u1ee1 \u0111\u1ea7u b\u00fat \u0111a d\u1ea1ng Brush tip [\/vc_column_text][\/vc_column_inner][\/vc_row_inner][vc_row_inner css=&#8221;.vc_custom_1695118240930{margin-bottom: 40px !important;}&#8221;][vc_column_inner width=&#8221;1\/2&#8243;][vc_single_image image=&#8221;1430&#8243; img_size=&#8221;full&#8221; onclick=&#8221;link_image&#8221; css=&#8221;.vc_custom_1696739855525{margin-bottom: 0px [&hellip;]<\/p>\n","protected":false},"author":1,"featured_media":0,"parent":2,"menu_order":3,"comment_status":"closed","ping_status":"closed","template":"","meta":{"footnotes":"","_links_to":"","_links_to_target":""},"class_list":["post-1426","page","type-page","status-publish","hentry"],"yoast_head":"<!-- This site is optimized with the Yoast SEO plugin v26.2 - https:\/\/yoast.com\/wordpress\/plugins\/seo\/ -->\n<title>Pin | UNI VIETNAM<\/title>\n<meta name=\"robots\" content=\"index, follow, max-snippet:-1, max-image-preview:large, max-video-preview:-1\" \/>\n<link rel=\"canonical\" href=\"https:\/\/www.mp-uni.com\/vn\/product\/pin\/\" \/>\n<meta property=\"og:locale\" content=\"en_US\" \/>\n<meta property=\"og:type\" content=\"article\" \/>\n<meta property=\"og:title\" content=\"Pin | UNI VIETNAM\" \/>\n<meta property=\"og:description\" content=\"[vc_row][vc_column][vc_row_inner][vc_column_inner width=&#8221;2\/3&#8243;][vc_column_text]uni PIN l\u00e0 lo\u1ea1i b\u00fat v\u1ebd n\u00e9t nh\u1ecf ph\u00f9 h\u1ee3p \u0111\u1ec3 s\u1eed d\u1ee5ng v\u1edbi m\u1ecdi lo\u1ea1i h\u00ecnh ngh\u1ec7 thu\u1eadt v\u00e0 thi\u1ebft k\u1ebf[\/vc_column_text][vc_single_image image=&#8221;1615&#8243; img_size=&#8221;full&#8221; alignment=&#8221;center&#8221;][\/vc_column_inner][vc_column_inner width=&#8221;1\/3&#8243;][vc_column_text el_class=&#8221;.remarkableBox&#8221;] \u0110i\u1ec3m \u0111\u1eb7c tr\u01b0ng Ch\u1ed1ng th\u1ea5m n\u01b0\u1edbc v\u00e0 ch\u1ed1ng phai K\u00edch c\u1ee1 \u0111\u1ea7u b\u00fat \u0111a d\u1ea1ng Brush tip [\/vc_column_text][\/vc_column_inner][\/vc_row_inner][vc_row_inner css=&#8221;.vc_custom_1695118240930{margin-bottom: 40px !important;}&#8221;][vc_column_inner width=&#8221;1\/2&#8243;][vc_single_image image=&#8221;1430&#8243; img_size=&#8221;full&#8221; onclick=&#8221;link_image&#8221; css=&#8221;.vc_custom_1696739855525{margin-bottom: 0px [&hellip;]\" \/>\n<meta property=\"og:url\" content=\"https:\/\/www.mp-uni.com\/vn\/product\/pin\/\" \/>\n<meta property=\"og:site_name\" content=\"UNI VIETNAM\" \/>\n<meta property=\"article:publisher\" content=\"https:\/\/www.facebook.com\/uni-Vietnam-248007665744387\/\" \/>\n<meta property=\"article:modified_time\" content=\"2023-11-10T08:55:36+00:00\" \/>\n<meta property=\"og:image\" content=\"https:\/\/www.mp-uni.com\/vn\/wp-content\/uploads\/sites\/3\/2023\/12\/uni-ball_Share.png\" \/>\n\t<meta property=\"og:image:width\" content=\"1200\" \/>\n\t<meta property=\"og:image:height\" content=\"675\" \/>\n\t<meta property=\"og:image:type\" content=\"image\/png\" \/>\n<meta name=\"twitter:card\" content=\"summary_large_image\" \/>\n<meta name=\"twitter:label1\" content=\"Est. reading time\" \/>\n\t<meta name=\"twitter:data1\" content=\"2 minutes\" \/>\n<script type=\"application\/ld+json\" class=\"yoast-schema-graph\">{\"@context\":\"https:\/\/schema.org\",\"@graph\":[{\"@type\":\"WebPage\",\"@id\":\"https:\/\/www.mp-uni.com\/vn\/product\/pin\/\",\"url\":\"https:\/\/www.mp-uni.com\/vn\/product\/pin\/\",\"name\":\"Pin | UNI VIETNAM\",\"isPartOf\":{\"@id\":\"https:\/\/www.mp-uni.com\/vn\/#website\"},\"datePublished\":\"2023-09-12T02:43:27+00:00\",\"dateModified\":\"2023-11-10T08:55:36+00:00\",\"breadcrumb\":{\"@id\":\"https:\/\/www.mp-uni.com\/vn\/product\/pin\/#breadcrumb\"},\"inLanguage\":\"en-US\",\"potentialAction\":[{\"@type\":\"ReadAction\",\"target\":[\"https:\/\/www.mp-uni.com\/vn\/product\/pin\/\"]}]},{\"@type\":\"BreadcrumbList\",\"@id\":\"https:\/\/www.mp-uni.com\/vn\/product\/pin\/#breadcrumb\",\"itemListElement\":[{\"@type\":\"ListItem\",\"position\":1,\"name\":\"Home\",\"item\":\"https:\/\/www.mp-uni.com\/vn\/\"},{\"@type\":\"ListItem\",\"position\":2,\"name\":\"S\u1ea3n ph\u1ea9m\",\"item\":\"https:\/\/www.mp-uni.com\/vn\/product\/\"},{\"@type\":\"ListItem\",\"position\":3,\"name\":\"Pin\"}]},{\"@type\":\"WebSite\",\"@id\":\"https:\/\/www.mp-uni.com\/vn\/#website\",\"url\":\"https:\/\/www.mp-uni.com\/vn\/\",\"name\":\"UNI VIETNAM\",\"description\":\"uni Mitsubishi Pencil a leading writing instruments manufacture.\",\"publisher\":{\"@id\":\"https:\/\/www.mp-uni.com\/vn\/#organization\"},\"alternateName\":\"MITSUBISHI PENCIL CO., LTD.\",\"potentialAction\":[{\"@type\":\"SearchAction\",\"target\":{\"@type\":\"EntryPoint\",\"urlTemplate\":\"https:\/\/www.mp-uni.com\/vn\/?s={search_term_string}\"},\"query-input\":{\"@type\":\"PropertyValueSpecification\",\"valueRequired\":true,\"valueName\":\"search_term_string\"}}],\"inLanguage\":\"en-US\"},{\"@type\":\"Organization\",\"@id\":\"https:\/\/www.mp-uni.com\/vn\/#organization\",\"name\":\"MITSUBISHI PENCIL CO., LTD.\",\"alternateName\":\"MITSUBISHI PENCIL CO., LTD.\",\"url\":\"https:\/\/www.mp-uni.com\/vn\/\",\"logo\":{\"@type\":\"ImageObject\",\"inLanguage\":\"en-US\",\"@id\":\"https:\/\/www.mp-uni.com\/vn\/#\/schema\/logo\/image\/\",\"url\":\"https:\/\/www.mp-uni.com\/vn\/wp-content\/uploads\/sites\/3\/2023\/12\/uni-ball.jpg\",\"contentUrl\":\"https:\/\/www.mp-uni.com\/vn\/wp-content\/uploads\/sites\/3\/2023\/12\/uni-ball.jpg\",\"width\":696,\"height\":696,\"caption\":\"MITSUBISHI PENCIL CO., LTD.\"},\"image\":{\"@id\":\"https:\/\/www.mp-uni.com\/vn\/#\/schema\/logo\/image\/\"},\"sameAs\":[\"https:\/\/www.facebook.com\/uni-Vietnam-248007665744387\/\"]}]}<\/script>\n<!-- \/ Yoast SEO plugin. -->","yoast_head_json":{"title":"Pin | UNI VIETNAM","robots":{"index":"index","follow":"follow","max-snippet":"max-snippet:-1","max-image-preview":"max-image-preview:large","max-video-preview":"max-video-preview:-1"},"canonical":"https:\/\/www.mp-uni.com\/vn\/product\/pin\/","og_locale":"en_US","og_type":"article","og_title":"Pin | UNI VIETNAM","og_description":"[vc_row][vc_column][vc_row_inner][vc_column_inner width=&#8221;2\/3&#8243;][vc_column_text]uni PIN l\u00e0 lo\u1ea1i b\u00fat v\u1ebd n\u00e9t nh\u1ecf ph\u00f9 h\u1ee3p \u0111\u1ec3 s\u1eed d\u1ee5ng v\u1edbi m\u1ecdi lo\u1ea1i h\u00ecnh ngh\u1ec7 thu\u1eadt v\u00e0 thi\u1ebft k\u1ebf[\/vc_column_text][vc_single_image image=&#8221;1615&#8243; img_size=&#8221;full&#8221; alignment=&#8221;center&#8221;][\/vc_column_inner][vc_column_inner width=&#8221;1\/3&#8243;][vc_column_text el_class=&#8221;.remarkableBox&#8221;] \u0110i\u1ec3m \u0111\u1eb7c tr\u01b0ng Ch\u1ed1ng th\u1ea5m n\u01b0\u1edbc v\u00e0 ch\u1ed1ng phai K\u00edch c\u1ee1 \u0111\u1ea7u b\u00fat \u0111a d\u1ea1ng Brush tip [\/vc_column_text][\/vc_column_inner][\/vc_row_inner][vc_row_inner css=&#8221;.vc_custom_1695118240930{margin-bottom: 40px !important;}&#8221;][vc_column_inner width=&#8221;1\/2&#8243;][vc_single_image image=&#8221;1430&#8243; img_size=&#8221;full&#8221; onclick=&#8221;link_image&#8221; css=&#8221;.vc_custom_1696739855525{margin-bottom: 0px [&hellip;]","og_url":"https:\/\/www.mp-uni.com\/vn\/product\/pin\/","og_site_name":"UNI VIETNAM","article_publisher":"https:\/\/www.facebook.com\/uni-Vietnam-248007665744387\/","article_modified_time":"2023-11-10T08:55:36+00:00","og_image":[{"width":1200,"height":675,"url":"https:\/\/www.mp-uni.com\/vn\/wp-content\/uploads\/sites\/3\/2023\/12\/uni-ball_Share.png","type":"image\/png"}],"twitter_card":"summary_large_image","twitter_misc":{"Est. reading time":"2 minutes"},"schema":{"@context":"https:\/\/schema.org","@graph":[{"@type":"WebPage","@id":"https:\/\/www.mp-uni.com\/vn\/product\/pin\/","url":"https:\/\/www.mp-uni.com\/vn\/product\/pin\/","name":"Pin | UNI VIETNAM","isPartOf":{"@id":"https:\/\/www.mp-uni.com\/vn\/#website"},"datePublished":"2023-09-12T02:43:27+00:00","dateModified":"2023-11-10T08:55:36+00:00","breadcrumb":{"@id":"https:\/\/www.mp-uni.com\/vn\/product\/pin\/#breadcrumb"},"inLanguage":"en-US","potentialAction":[{"@type":"ReadAction","target":["https:\/\/www.mp-uni.com\/vn\/product\/pin\/"]}]},{"@type":"BreadcrumbList","@id":"https:\/\/www.mp-uni.com\/vn\/product\/pin\/#breadcrumb","itemListElement":[{"@type":"ListItem","position":1,"name":"Home","item":"https:\/\/www.mp-uni.com\/vn\/"},{"@type":"ListItem","position":2,"name":"S\u1ea3n ph\u1ea9m","item":"https:\/\/www.mp-uni.com\/vn\/product\/"},{"@type":"ListItem","position":3,"name":"Pin"}]},{"@type":"WebSite","@id":"https:\/\/www.mp-uni.com\/vn\/#website","url":"https:\/\/www.mp-uni.com\/vn\/","name":"UNI VIETNAM","description":"uni Mitsubishi Pencil a leading writing instruments manufacture.","publisher":{"@id":"https:\/\/www.mp-uni.com\/vn\/#organization"},"alternateName":"MITSUBISHI PENCIL CO., LTD.","potentialAction":[{"@type":"SearchAction","target":{"@type":"EntryPoint","urlTemplate":"https:\/\/www.mp-uni.com\/vn\/?s={search_term_string}"},"query-input":{"@type":"PropertyValueSpecification","valueRequired":true,"valueName":"search_term_string"}}],"inLanguage":"en-US"},{"@type":"Organization","@id":"https:\/\/www.mp-uni.com\/vn\/#organization","name":"MITSUBISHI PENCIL CO., LTD.","alternateName":"MITSUBISHI PENCIL CO., LTD.","url":"https:\/\/www.mp-uni.com\/vn\/","logo":{"@type":"ImageObject","inLanguage":"en-US","@id":"https:\/\/www.mp-uni.com\/vn\/#\/schema\/logo\/image\/","url":"https:\/\/www.mp-uni.com\/vn\/wp-content\/uploads\/sites\/3\/2023\/12\/uni-ball.jpg","contentUrl":"https:\/\/www.mp-uni.com\/vn\/wp-content\/uploads\/sites\/3\/2023\/12\/uni-ball.jpg","width":696,"height":696,"caption":"MITSUBISHI PENCIL CO., LTD."},"image":{"@id":"https:\/\/www.mp-uni.com\/vn\/#\/schema\/logo\/image\/"},"sameAs":["https:\/\/www.facebook.com\/uni-Vietnam-248007665744387\/"]}]}},"_links":{"self":[{"href":"https:\/\/www.mp-uni.com\/vn\/wp-json\/wp\/v2\/pages\/1426","targetHints":{"allow":["GET"]}}],"collection":[{"href":"https:\/\/www.mp-uni.com\/vn\/wp-json\/wp\/v2\/pages"}],"about":[{"href":"https:\/\/www.mp-uni.com\/vn\/wp-json\/wp\/v2\/types\/page"}],"author":[{"embeddable":true,"href":"https:\/\/www.mp-uni.com\/vn\/wp-json\/wp\/v2\/users\/1"}],"replies":[{"embeddable":true,"href":"https:\/\/www.mp-uni.com\/vn\/wp-json\/wp\/v2\/comments?post=1426"}],"version-history":[{"count":11,"href":"https:\/\/www.mp-uni.com\/vn\/wp-json\/wp\/v2\/pages\/1426\/revisions"}],"predecessor-version":[{"id":5461,"href":"https:\/\/www.mp-uni.com\/vn\/wp-json\/wp\/v2\/pages\/1426\/revisions\/5461"}],"up":[{"embeddable":true,"href":"https:\/\/www.mp-uni.com\/vn\/wp-json\/wp\/v2\/pages\/2"}],"wp:attachment":[{"href":"https:\/\/www.mp-uni.com\/vn\/wp-json\/wp\/v2\/media?parent=1426"}],"curies":[{"name":"wp","href":"https:\/\/api.w.org\/{rel}","templated":true}]}}