{"id":1436,"date":"2023-09-12T09:43:27","date_gmt":"2023-09-12T02:43:27","guid":{"rendered":"https:\/\/www.mp-uni.com\/?page_id=1436"},"modified":"2023-11-10T15:50:43","modified_gmt":"2023-11-10T08:50:43","slug":"posca","status":"publish","type":"page","link":"https:\/\/www.mp-uni.com\/vn\/product\/posca\/","title":{"rendered":"POSCA"},"content":{"rendered":"<div class=\"wpb-content-wrapper\"><p>[vc_row][vc_column][vc_row_inner][vc_column_inner width=&#8221;2\/3&#8243;][vc_column_text]B\u00fat \u0111\u00e1nh d\u1ea5u d\u1ea1ng m\u00e0u n\u01b0\u1edbc POSCA vi\u1ebft \u0111\u01b0\u1ee3c tr\u00ean c\u00e1c b\u1ec1 m\u1eb7t v\u1eadt li\u1ec7u nh\u01b0 gi\u1ea5y, th\u1ee7y tinh, kim lo\u1ea1i, nh\u1ef1a, g\u1ed7, v\u1ea3i v\u00e0 \u0111\u00e1. B\u00fat POSCA c\u00f3 nhi\u1ec1u m\u00e0u s\u1eafc \u0111a d\u1ea1ng, sinh \u0111\u1ed9ng v\u00e0 \u0111\u01b0\u1ee3c nhi\u1ec1u ngh\u1ec7 s\u0129 tr\u00ean th\u1ebf gi\u1edbi s\u1eed d\u1ee5ng.[\/vc_column_text][\/vc_column_inner][vc_column_inner width=&#8221;1\/3&#8243;][vc_column_text el_class=&#8221;.remarkableBox&#8221;]<\/p>\n<h2>\u0110i\u1ec3m \u0111\u1eb7c tr\u01b0ng<\/h2>\n<ul>\n<li>M\u00e0u m\u1ef1c n\u01b0\u1edbc s\u1ed1ng \u0111\u1ed9ng<\/li>\n<li>Ch\u1ed1ng th\u1ea5m n\u01b0\u1edbc v\u00e0 ch\u1ed1ng phai<\/li>\n<li>C\u00f3 th\u1ec3 d\u1ec5 d\u00e0ng ph\u1ee7 l\u00ean b\u1ec1 m\u1eb7t m\u1ef1c kh\u00f4<\/li>\n<\/ul>\n<p>[\/vc_column_text][\/vc_column_inner][\/vc_row_inner][vc_row_inner css=&#8221;.vc_custom_1696740622905{margin-bottom: 20px !important;}&#8221;][vc_column_inner width=&#8221;1\/2&#8243;][vc_column_text css=&#8221;.vc_custom_1699505725222{padding-top: 20px !important;}&#8221;]<\/p>\n<h3>Vivid Colour<\/h3>\n<p>M\u00e0u m\u1ef1c s\u1ed1ng \u0111\u1ed9ng th\u1eadm ch\u00ed tr\u00ean n\u1ec1n \u0111en[\/vc_column_text][\/vc_column_inner][vc_column_inner width=&#8221;1\/2&#8243;][vc_single_image image=&#8221;1437&#8243; img_size=&#8221;full&#8221; onclick=&#8221;link_image&#8221; el_class=&#8221;.border&#8221; css=&#8221;.vc_custom_1696740960593{margin-bottom: 20px !important;}&#8221;][\/vc_column_inner][\/vc_row_inner][vc_row_inner css=&#8221;.vc_custom_1696740629130{margin-bottom: 20px !important;}&#8221;][vc_column_inner width=&#8221;1\/3&#8243;][vc_single_image image=&#8221;1438&#8243; img_size=&#8221;full&#8221; onclick=&#8221;link_image&#8221; el_class=&#8221;.border&#8221; css=&#8221;.vc_custom_1696740991628{margin-bottom: 20px !important;}&#8221;][\/vc_column_inner][vc_column_inner width=&#8221;2\/3&#8243;][vc_column_text css=&#8221;.vc_custom_1699505624877{padding-top: 20px !important;}&#8221;]<\/p>\n<h3>Vi\u1ebft \u0111\u01b0\u1ee3c tr\u00ean h\u1ea7u h\u1ebft b\u1ec1 m\u1eb7t c\u00e1c lo\u1ea1i v\u1eadt li\u1ec7u<\/h3>\n<p>POSCA water-based marker writes on any surface such as paper, metal, glass, plastic, wood, fabric and stone[\/vc_column_text][\/vc_column_inner][\/vc_row_inner][vc_row_inner css=&#8221;.vc_custom_1696740634785{margin-bottom: 20px !important;}&#8221;][vc_column_inner width=&#8221;1\/2&#8243;][vc_column_text css=&#8221;.vc_custom_1699505641886{padding-top: 20px !important;}&#8221;]<\/p>\n<h3>Kh\u00f4ng th\u1ea5m n\u01b0\u1edbc<\/h3>\n<p>M\u1ef1c super uni l\u00e0 m\u1ed9t c\u00f4ng ngh\u1ec7 \u0111\u1ed5i m\u1edbi \u0111\u1ed9c \u0111\u00e1o t\u1eeb Uni. M\u1ef1c c\u00f3 kh\u1ea3 n\u0103ng ch\u1ecbu \u0111\u01b0\u1ee3c n\u01b0\u1edbc v\u00e0 kh\u00f4ng b\u1ecb r\u1eeda tr\u00f4i d\u1ec5 d\u00e0ng.[\/vc_column_text][\/vc_column_inner][vc_column_inner width=&#8221;1\/2&#8243;][vc_single_image image=&#8221;536&#8243; img_size=&#8221;full&#8221; css=&#8221;.vc_custom_1696740819196{margin-bottom: 20px !important;}&#8221;][\/vc_column_inner][\/vc_row_inner][vc_row_inner css=&#8221;.vc_custom_1696740642105{margin-bottom: 20px !important;}&#8221;][vc_column_inner width=&#8221;1\/3&#8243;][vc_video link=&#8221;https:\/\/www.youtube.com\/watch?v=wCkG2mnuJeE&#8221;][\/vc_column_inner][vc_column_inner width=&#8221;2\/3&#8243;][vc_column_text]<\/p>\n<h3>M\u1ef0C SI\u00caU\u2122<\/h3>\n<p>N\u1ed5i b\u1eadt trong t\u1ea5t c\u1ea3 c\u00e1c lo\u1ea1i b\u00fat bi \u0111\u01a1n v\u00e0 n\u1ed5i b\u1eadt nh\u1ea5t l\u00e0 d\u00f2ng SIGNO, Super Ink\u2122 l\u00e0 lo\u1ea1i m\u1ef1c b\u1ed9t m\u00e0u ch\u1ea5t l\u01b0\u1ee3ng d\u00e0nh cho l\u01b0u tr\u1eef, cung c\u1ea5p m\u1ee9c \u0111\u1ed9 kh\u00e1ng n\u01b0\u1edbc, h\u00f3a ch\u1ea5t v\u00e0 \u00e1nh s\u00e1ng v\u01b0\u1ee3t tr\u1ed9i.<\/p>\n<ul>\n<li>Axit mi\u00ean phi<\/li>\n<li>M\u1ef1c v\u0129nh vi\u1ec5n<\/li>\n<li>L\u00e2u d\u00e0i<\/li>\n<\/ul>\n<p>[\/vc_column_text][\/vc_column_inner][\/vc_row_inner][vc_row_inner][vc_column_inner width=&#8221;1\/3&#8243;][vc_video link=&#8221;https:\/\/youtu.be\/rmTd16Ye8pM&#8221;][\/vc_column_inner][vc_column_inner width=&#8221;1\/3&#8243;][vc_video link=&#8221;https:\/\/youtu.be\/hEbeh7ESfYs&#8221;][\/vc_column_inner][vc_column_inner width=&#8221;1\/3&#8243;][vc_video link=&#8221;https:\/\/www.youtube.com\/watch?v=jB8-Yxpo8Ok&amp;list=PL_W2eAbEKdtKPQRqiZzEJhb4lr4NJbPpg&#8221;][\/vc_column_inner][\/vc_row_inner][\/vc_column][\/vc_row]<\/p>\n<\/div>","protected":false},"excerpt":{"rendered":"<p>[vc_row][vc_column][vc_row_inner][vc_column_inner width=&#8221;2\/3&#8243;][vc_column_text]B\u00fat \u0111\u00e1nh d\u1ea5u d\u1ea1ng m\u00e0u n\u01b0\u1edbc POSCA vi\u1ebft \u0111\u01b0\u1ee3c tr\u00ean c\u00e1c b\u1ec1 m\u1eb7t v\u1eadt li\u1ec7u nh\u01b0 gi\u1ea5y, th\u1ee7y tinh, kim lo\u1ea1i, nh\u1ef1a, g\u1ed7, v\u1ea3i v\u00e0 \u0111\u00e1. B\u00fat POSCA c\u00f3 nhi\u1ec1u m\u00e0u s\u1eafc \u0111a d\u1ea1ng, sinh \u0111\u1ed9ng v\u00e0 \u0111\u01b0\u1ee3c nhi\u1ec1u ngh\u1ec7 s\u0129 tr\u00ean th\u1ebf gi\u1edbi s\u1eed d\u1ee5ng.[\/vc_column_text][\/vc_column_inner][vc_column_inner width=&#8221;1\/3&#8243;][vc_column_text el_class=&#8221;.remarkableBox&#8221;] \u0110i\u1ec3m \u0111\u1eb7c tr\u01b0ng M\u00e0u m\u1ef1c n\u01b0\u1edbc [&hellip;]<\/p>\n","protected":false},"author":1,"featured_media":0,"parent":2,"menu_order":3,"comment_status":"closed","ping_status":"closed","template":"","meta":{"footnotes":"","_links_to":"","_links_to_target":""},"class_list":["post-1436","page","type-page","status-publish","hentry"],"yoast_head":"<!-- This site is optimized with the Yoast SEO plugin v26.2 - https:\/\/yoast.com\/wordpress\/plugins\/seo\/ -->\n<title>POSCA | UNI VIETNAM<\/title>\n<meta name=\"robots\" content=\"index, follow, max-snippet:-1, max-image-preview:large, max-video-preview:-1\" \/>\n<link rel=\"canonical\" href=\"https:\/\/www.mp-uni.com\/vn\/product\/posca\/\" \/>\n<meta property=\"og:locale\" content=\"en_US\" \/>\n<meta property=\"og:type\" content=\"article\" \/>\n<meta property=\"og:title\" content=\"POSCA | UNI VIETNAM\" \/>\n<meta property=\"og:description\" content=\"[vc_row][vc_column][vc_row_inner][vc_column_inner width=&#8221;2\/3&#8243;][vc_column_text]B\u00fat \u0111\u00e1nh d\u1ea5u d\u1ea1ng m\u00e0u n\u01b0\u1edbc POSCA vi\u1ebft \u0111\u01b0\u1ee3c tr\u00ean c\u00e1c b\u1ec1 m\u1eb7t v\u1eadt li\u1ec7u nh\u01b0 gi\u1ea5y, th\u1ee7y tinh, kim lo\u1ea1i, nh\u1ef1a, g\u1ed7, v\u1ea3i v\u00e0 \u0111\u00e1. B\u00fat POSCA c\u00f3 nhi\u1ec1u m\u00e0u s\u1eafc \u0111a d\u1ea1ng, sinh \u0111\u1ed9ng v\u00e0 \u0111\u01b0\u1ee3c nhi\u1ec1u ngh\u1ec7 s\u0129 tr\u00ean th\u1ebf gi\u1edbi s\u1eed d\u1ee5ng.[\/vc_column_text][\/vc_column_inner][vc_column_inner width=&#8221;1\/3&#8243;][vc_column_text el_class=&#8221;.remarkableBox&#8221;] \u0110i\u1ec3m \u0111\u1eb7c tr\u01b0ng M\u00e0u m\u1ef1c n\u01b0\u1edbc [&hellip;]\" \/>\n<meta property=\"og:url\" content=\"https:\/\/www.mp-uni.com\/vn\/product\/posca\/\" \/>\n<meta property=\"og:site_name\" content=\"UNI VIETNAM\" \/>\n<meta property=\"article:publisher\" content=\"https:\/\/www.facebook.com\/uni-Vietnam-248007665744387\/\" \/>\n<meta property=\"article:modified_time\" content=\"2023-11-10T08:50:43+00:00\" \/>\n<meta property=\"og:image\" content=\"https:\/\/www.mp-uni.com\/vn\/wp-content\/uploads\/sites\/3\/2023\/12\/uni-ball_Share.png\" \/>\n\t<meta property=\"og:image:width\" content=\"1200\" \/>\n\t<meta property=\"og:image:height\" content=\"675\" \/>\n\t<meta property=\"og:image:type\" content=\"image\/png\" \/>\n<meta name=\"twitter:card\" content=\"summary_large_image\" \/>\n<meta name=\"twitter:label1\" content=\"Est. reading time\" \/>\n\t<meta name=\"twitter:data1\" content=\"3 minutes\" \/>\n<script type=\"application\/ld+json\" class=\"yoast-schema-graph\">{\"@context\":\"https:\/\/schema.org\",\"@graph\":[{\"@type\":\"WebPage\",\"@id\":\"https:\/\/www.mp-uni.com\/vn\/product\/posca\/\",\"url\":\"https:\/\/www.mp-uni.com\/vn\/product\/posca\/\",\"name\":\"POSCA | UNI VIETNAM\",\"isPartOf\":{\"@id\":\"https:\/\/www.mp-uni.com\/vn\/#website\"},\"datePublished\":\"2023-09-12T02:43:27+00:00\",\"dateModified\":\"2023-11-10T08:50:43+00:00\",\"breadcrumb\":{\"@id\":\"https:\/\/www.mp-uni.com\/vn\/product\/posca\/#breadcrumb\"},\"inLanguage\":\"en-US\",\"potentialAction\":[{\"@type\":\"ReadAction\",\"target\":[\"https:\/\/www.mp-uni.com\/vn\/product\/posca\/\"]}]},{\"@type\":\"BreadcrumbList\",\"@id\":\"https:\/\/www.mp-uni.com\/vn\/product\/posca\/#breadcrumb\",\"itemListElement\":[{\"@type\":\"ListItem\",\"position\":1,\"name\":\"Home\",\"item\":\"https:\/\/www.mp-uni.com\/vn\/\"},{\"@type\":\"ListItem\",\"position\":2,\"name\":\"S\u1ea3n ph\u1ea9m\",\"item\":\"https:\/\/www.mp-uni.com\/vn\/product\/\"},{\"@type\":\"ListItem\",\"position\":3,\"name\":\"POSCA\"}]},{\"@type\":\"WebSite\",\"@id\":\"https:\/\/www.mp-uni.com\/vn\/#website\",\"url\":\"https:\/\/www.mp-uni.com\/vn\/\",\"name\":\"UNI VIETNAM\",\"description\":\"uni Mitsubishi Pencil a leading writing instruments manufacture.\",\"publisher\":{\"@id\":\"https:\/\/www.mp-uni.com\/vn\/#organization\"},\"alternateName\":\"MITSUBISHI PENCIL CO., LTD.\",\"potentialAction\":[{\"@type\":\"SearchAction\",\"target\":{\"@type\":\"EntryPoint\",\"urlTemplate\":\"https:\/\/www.mp-uni.com\/vn\/?s={search_term_string}\"},\"query-input\":{\"@type\":\"PropertyValueSpecification\",\"valueRequired\":true,\"valueName\":\"search_term_string\"}}],\"inLanguage\":\"en-US\"},{\"@type\":\"Organization\",\"@id\":\"https:\/\/www.mp-uni.com\/vn\/#organization\",\"name\":\"MITSUBISHI PENCIL CO., LTD.\",\"alternateName\":\"MITSUBISHI PENCIL CO., LTD.\",\"url\":\"https:\/\/www.mp-uni.com\/vn\/\",\"logo\":{\"@type\":\"ImageObject\",\"inLanguage\":\"en-US\",\"@id\":\"https:\/\/www.mp-uni.com\/vn\/#\/schema\/logo\/image\/\",\"url\":\"https:\/\/www.mp-uni.com\/vn\/wp-content\/uploads\/sites\/3\/2023\/12\/uni-ball.jpg\",\"contentUrl\":\"https:\/\/www.mp-uni.com\/vn\/wp-content\/uploads\/sites\/3\/2023\/12\/uni-ball.jpg\",\"width\":696,\"height\":696,\"caption\":\"MITSUBISHI PENCIL CO., LTD.\"},\"image\":{\"@id\":\"https:\/\/www.mp-uni.com\/vn\/#\/schema\/logo\/image\/\"},\"sameAs\":[\"https:\/\/www.facebook.com\/uni-Vietnam-248007665744387\/\"]}]}<\/script>\n<!-- \/ Yoast SEO plugin. -->","yoast_head_json":{"title":"POSCA | UNI VIETNAM","robots":{"index":"index","follow":"follow","max-snippet":"max-snippet:-1","max-image-preview":"max-image-preview:large","max-video-preview":"max-video-preview:-1"},"canonical":"https:\/\/www.mp-uni.com\/vn\/product\/posca\/","og_locale":"en_US","og_type":"article","og_title":"POSCA | UNI VIETNAM","og_description":"[vc_row][vc_column][vc_row_inner][vc_column_inner width=&#8221;2\/3&#8243;][vc_column_text]B\u00fat \u0111\u00e1nh d\u1ea5u d\u1ea1ng m\u00e0u n\u01b0\u1edbc POSCA vi\u1ebft \u0111\u01b0\u1ee3c tr\u00ean c\u00e1c b\u1ec1 m\u1eb7t v\u1eadt li\u1ec7u nh\u01b0 gi\u1ea5y, th\u1ee7y tinh, kim lo\u1ea1i, nh\u1ef1a, g\u1ed7, v\u1ea3i v\u00e0 \u0111\u00e1. B\u00fat POSCA c\u00f3 nhi\u1ec1u m\u00e0u s\u1eafc \u0111a d\u1ea1ng, sinh \u0111\u1ed9ng v\u00e0 \u0111\u01b0\u1ee3c nhi\u1ec1u ngh\u1ec7 s\u0129 tr\u00ean th\u1ebf gi\u1edbi s\u1eed d\u1ee5ng.[\/vc_column_text][\/vc_column_inner][vc_column_inner width=&#8221;1\/3&#8243;][vc_column_text el_class=&#8221;.remarkableBox&#8221;] \u0110i\u1ec3m \u0111\u1eb7c tr\u01b0ng M\u00e0u m\u1ef1c n\u01b0\u1edbc [&hellip;]","og_url":"https:\/\/www.mp-uni.com\/vn\/product\/posca\/","og_site_name":"UNI VIETNAM","article_publisher":"https:\/\/www.facebook.com\/uni-Vietnam-248007665744387\/","article_modified_time":"2023-11-10T08:50:43+00:00","og_image":[{"width":1200,"height":675,"url":"https:\/\/www.mp-uni.com\/vn\/wp-content\/uploads\/sites\/3\/2023\/12\/uni-ball_Share.png","type":"image\/png"}],"twitter_card":"summary_large_image","twitter_misc":{"Est. reading time":"3 minutes"},"schema":{"@context":"https:\/\/schema.org","@graph":[{"@type":"WebPage","@id":"https:\/\/www.mp-uni.com\/vn\/product\/posca\/","url":"https:\/\/www.mp-uni.com\/vn\/product\/posca\/","name":"POSCA | UNI VIETNAM","isPartOf":{"@id":"https:\/\/www.mp-uni.com\/vn\/#website"},"datePublished":"2023-09-12T02:43:27+00:00","dateModified":"2023-11-10T08:50:43+00:00","breadcrumb":{"@id":"https:\/\/www.mp-uni.com\/vn\/product\/posca\/#breadcrumb"},"inLanguage":"en-US","potentialAction":[{"@type":"ReadAction","target":["https:\/\/www.mp-uni.com\/vn\/product\/posca\/"]}]},{"@type":"BreadcrumbList","@id":"https:\/\/www.mp-uni.com\/vn\/product\/posca\/#breadcrumb","itemListElement":[{"@type":"ListItem","position":1,"name":"Home","item":"https:\/\/www.mp-uni.com\/vn\/"},{"@type":"ListItem","position":2,"name":"S\u1ea3n ph\u1ea9m","item":"https:\/\/www.mp-uni.com\/vn\/product\/"},{"@type":"ListItem","position":3,"name":"POSCA"}]},{"@type":"WebSite","@id":"https:\/\/www.mp-uni.com\/vn\/#website","url":"https:\/\/www.mp-uni.com\/vn\/","name":"UNI VIETNAM","description":"uni Mitsubishi Pencil a leading writing instruments manufacture.","publisher":{"@id":"https:\/\/www.mp-uni.com\/vn\/#organization"},"alternateName":"MITSUBISHI PENCIL CO., LTD.","potentialAction":[{"@type":"SearchAction","target":{"@type":"EntryPoint","urlTemplate":"https:\/\/www.mp-uni.com\/vn\/?s={search_term_string}"},"query-input":{"@type":"PropertyValueSpecification","valueRequired":true,"valueName":"search_term_string"}}],"inLanguage":"en-US"},{"@type":"Organization","@id":"https:\/\/www.mp-uni.com\/vn\/#organization","name":"MITSUBISHI PENCIL CO., LTD.","alternateName":"MITSUBISHI PENCIL CO., LTD.","url":"https:\/\/www.mp-uni.com\/vn\/","logo":{"@type":"ImageObject","inLanguage":"en-US","@id":"https:\/\/www.mp-uni.com\/vn\/#\/schema\/logo\/image\/","url":"https:\/\/www.mp-uni.com\/vn\/wp-content\/uploads\/sites\/3\/2023\/12\/uni-ball.jpg","contentUrl":"https:\/\/www.mp-uni.com\/vn\/wp-content\/uploads\/sites\/3\/2023\/12\/uni-ball.jpg","width":696,"height":696,"caption":"MITSUBISHI PENCIL CO., LTD."},"image":{"@id":"https:\/\/www.mp-uni.com\/vn\/#\/schema\/logo\/image\/"},"sameAs":["https:\/\/www.facebook.com\/uni-Vietnam-248007665744387\/"]}]}},"_links":{"self":[{"href":"https:\/\/www.mp-uni.com\/vn\/wp-json\/wp\/v2\/pages\/1436","targetHints":{"allow":["GET"]}}],"collection":[{"href":"https:\/\/www.mp-uni.com\/vn\/wp-json\/wp\/v2\/pages"}],"about":[{"href":"https:\/\/www.mp-uni.com\/vn\/wp-json\/wp\/v2\/types\/page"}],"author":[{"embeddable":true,"href":"https:\/\/www.mp-uni.com\/vn\/wp-json\/wp\/v2\/users\/1"}],"replies":[{"embeddable":true,"href":"https:\/\/www.mp-uni.com\/vn\/wp-json\/wp\/v2\/comments?post=1436"}],"version-history":[{"count":12,"href":"https:\/\/www.mp-uni.com\/vn\/wp-json\/wp\/v2\/pages\/1436\/revisions"}],"predecessor-version":[{"id":5459,"href":"https:\/\/www.mp-uni.com\/vn\/wp-json\/wp\/v2\/pages\/1436\/revisions\/5459"}],"up":[{"embeddable":true,"href":"https:\/\/www.mp-uni.com\/vn\/wp-json\/wp\/v2\/pages\/2"}],"wp:attachment":[{"href":"https:\/\/www.mp-uni.com\/vn\/wp-json\/wp\/v2\/media?parent=1436"}],"curies":[{"name":"wp","href":"https:\/\/api.w.org\/{rel}","templated":true}]}}