{"id":461,"date":"2023-09-12T09:43:27","date_gmt":"2023-09-12T02:43:27","guid":{"rendered":"https:\/\/www.mp-uni.com\/?page_id=461"},"modified":"2023-11-10T16:03:40","modified_gmt":"2023-11-10T09:03:40","slug":"laknock-lakubo","status":"publish","type":"page","link":"https:\/\/www.mp-uni.com\/vn\/product\/laknock-lakubo\/","title":{"rendered":"Laknock &#038; Lakubo"},"content":{"rendered":"<div class=\"wpb-content-wrapper\"><p>[vc_row][vc_column][vc_row_inner css=&#8221;.vc_custom_1695117110201{margin-bottom: 40px !important;}&#8221;][vc_column_inner width=&#8221;2\/3&#8243;][vc_column_text css=&#8221;.vc_custom_1699607225697{margin-bottom: 20px !important;}&#8221;]C\u00f3 \u0111\u01b0\u1ee3c tr\u1ea3i nghi\u1ec7m vi\u1ebft m\u01b0\u1ee3t m\u00e0, B\u00fat c\u00f3 c\u1ea3m gi\u00e1c c\u1ea7m n\u1eafm r\u1ea5t tho\u1ea3i m\u00e1i. Cho ph\u00e9p b\u1ea1n vi\u1ebft trong th\u1eddi gian d\u00e0i m\u00e0 kh\u00f4ng th\u1ea5y m\u1ec7t m\u1ecfi.<\/p>\n<p>N\u1ebfu b\u1ea1n n\u1eb1m trong s\u1ed1 nh\u1eefng ng\u01b0\u1eddi vi\u1ebft nhi\u1ec1u \u1edf n\u01a1i l\u00e0m vi\u1ec7c ho\u1eb7c tr\u01b0\u1eddng h\u1ecdc, b\u1ea1n ch\u1eafc ch\u1eafn s\u1ebd y\u00eau th\u00edch d\u00f2ng b\u00fat Laknock.[\/vc_column_text][vc_single_image image=&#8221;479&#8243; img_size=&#8221;full&#8221; alignment=&#8221;center&#8221; css=&#8221;.vc_custom_1695800862588{margin-bottom: 10px !important;}&#8221;][\/vc_column_inner][vc_column_inner width=&#8221;1\/3&#8243;][vc_column_text el_class=&#8221;.remarkableBox&#8221;]<\/p>\n<h2>\u0110i\u1ec3m \u0111\u1eb7c tr\u01b0ng<\/h2>\n<ul>\n<li>V\u00f2ng \u0111\u1ec7m cao su gi\u00fap b\u1ea1n c\u1ea7m b\u00fat trong m\u1ed9t kho\u1ea3ng th\u1eddi gian d\u00e0i m\u00e0 kh\u00f4ng c\u1ea3m th\u1ea5y m\u1ecfi tay.<\/li>\n<\/ul>\n<p>[\/vc_column_text][\/vc_column_inner][\/vc_row_inner][vc_row_inner css=&#8221;.vc_custom_1695118240930{margin-bottom: 40px !important;}&#8221;][vc_column_inner width=&#8221;1\/4&#8243;][vc_single_image image=&#8221;465&#8243; img_size=&#8221;full&#8221; css=&#8221;.vc_custom_1695798708861{margin-bottom: 0px !important;}&#8221;][\/vc_column_inner][vc_column_inner width=&#8221;3\/4&#8243;][vc_column_text css=&#8221;.vc_custom_1699506205541{padding-top: 20px !important;}&#8221;]<\/p>\n<h3>V\u00f2ng \u0111\u1ec7m cao su, Write for a Long Period<\/h3>\n<p>Lo\u1ea1i b\u00fat bi \u0111\u01b0\u1ee3c thi\u1ebft k\u1ebf \u0111\u1ec3 s\u1eed d\u1ee5ng h\u00e0ng ng\u00e0y, v\u1edbi \u0111\u1ea7u b\u00fat l\u00e0m b\u1eb1ng th\u00e9p kh\u00f4ng g\u1ec9 v\u00e0 v\u00f2ng \u0111\u1ec7m cao su \u1edf th\u00e2n b\u00fat.<\/p>\n<p>Very Bold tip, Best for mark sheet, Smudge free writing.[\/vc_column_text][\/vc_column_inner][\/vc_row_inner][\/vc_column][\/vc_row]<\/p>\n<\/div>","protected":false},"excerpt":{"rendered":"<p>[vc_row][vc_column][vc_row_inner css=&#8221;.vc_custom_1695117110201{margin-bottom: 40px !important;}&#8221;][vc_column_inner width=&#8221;2\/3&#8243;][vc_column_text css=&#8221;.vc_custom_1699607225697{margin-bottom: 20px !important;}&#8221;]C\u00f3 \u0111\u01b0\u1ee3c tr\u1ea3i nghi\u1ec7m vi\u1ebft m\u01b0\u1ee3t m\u00e0, B\u00fat c\u00f3 c\u1ea3m gi\u00e1c c\u1ea7m n\u1eafm r\u1ea5t tho\u1ea3i m\u00e1i. Cho ph\u00e9p b\u1ea1n vi\u1ebft trong th\u1eddi gian d\u00e0i m\u00e0 kh\u00f4ng th\u1ea5y m\u1ec7t m\u1ecfi. N\u1ebfu b\u1ea1n n\u1eb1m trong s\u1ed1 nh\u1eefng ng\u01b0\u1eddi vi\u1ebft nhi\u1ec1u \u1edf n\u01a1i l\u00e0m vi\u1ec7c ho\u1eb7c tr\u01b0\u1eddng h\u1ecdc, b\u1ea1n ch\u1eafc ch\u1eafn [&hellip;]<\/p>\n","protected":false},"author":1,"featured_media":0,"parent":2,"menu_order":2,"comment_status":"closed","ping_status":"closed","template":"","meta":{"footnotes":"","_links_to":"","_links_to_target":""},"class_list":["post-461","page","type-page","status-publish","hentry"],"yoast_head":"<!-- This site is optimized with the Yoast SEO plugin v26.2 - https:\/\/yoast.com\/wordpress\/plugins\/seo\/ -->\n<title>Laknock &amp; Lakubo | UNI VIETNAM<\/title>\n<meta name=\"robots\" content=\"index, follow, max-snippet:-1, max-image-preview:large, max-video-preview:-1\" \/>\n<link rel=\"canonical\" href=\"https:\/\/www.mp-uni.com\/vn\/product\/laknock-lakubo\/\" \/>\n<meta property=\"og:locale\" content=\"en_US\" \/>\n<meta property=\"og:type\" content=\"article\" \/>\n<meta property=\"og:title\" content=\"Laknock &amp; Lakubo | UNI VIETNAM\" \/>\n<meta property=\"og:description\" content=\"[vc_row][vc_column][vc_row_inner css=&#8221;.vc_custom_1695117110201{margin-bottom: 40px !important;}&#8221;][vc_column_inner width=&#8221;2\/3&#8243;][vc_column_text css=&#8221;.vc_custom_1699607225697{margin-bottom: 20px !important;}&#8221;]C\u00f3 \u0111\u01b0\u1ee3c tr\u1ea3i nghi\u1ec7m vi\u1ebft m\u01b0\u1ee3t m\u00e0, B\u00fat c\u00f3 c\u1ea3m gi\u00e1c c\u1ea7m n\u1eafm r\u1ea5t tho\u1ea3i m\u00e1i. Cho ph\u00e9p b\u1ea1n vi\u1ebft trong th\u1eddi gian d\u00e0i m\u00e0 kh\u00f4ng th\u1ea5y m\u1ec7t m\u1ecfi. N\u1ebfu b\u1ea1n n\u1eb1m trong s\u1ed1 nh\u1eefng ng\u01b0\u1eddi vi\u1ebft nhi\u1ec1u \u1edf n\u01a1i l\u00e0m vi\u1ec7c ho\u1eb7c tr\u01b0\u1eddng h\u1ecdc, b\u1ea1n ch\u1eafc ch\u1eafn [&hellip;]\" \/>\n<meta property=\"og:url\" content=\"https:\/\/www.mp-uni.com\/vn\/product\/laknock-lakubo\/\" \/>\n<meta property=\"og:site_name\" content=\"UNI VIETNAM\" \/>\n<meta property=\"article:publisher\" content=\"https:\/\/www.facebook.com\/uni-Vietnam-248007665744387\/\" \/>\n<meta property=\"article:modified_time\" content=\"2023-11-10T09:03:40+00:00\" \/>\n<meta property=\"og:image\" content=\"https:\/\/www.mp-uni.com\/vn\/wp-content\/uploads\/sites\/3\/2023\/12\/uni-ball_Share.png\" \/>\n\t<meta property=\"og:image:width\" content=\"1200\" \/>\n\t<meta property=\"og:image:height\" content=\"675\" \/>\n\t<meta property=\"og:image:type\" content=\"image\/png\" \/>\n<meta name=\"twitter:card\" content=\"summary_large_image\" \/>\n<meta name=\"twitter:label1\" content=\"Est. reading time\" \/>\n\t<meta name=\"twitter:data1\" content=\"2 minutes\" \/>\n<script type=\"application\/ld+json\" class=\"yoast-schema-graph\">{\"@context\":\"https:\/\/schema.org\",\"@graph\":[{\"@type\":\"WebPage\",\"@id\":\"https:\/\/www.mp-uni.com\/vn\/product\/laknock-lakubo\/\",\"url\":\"https:\/\/www.mp-uni.com\/vn\/product\/laknock-lakubo\/\",\"name\":\"Laknock & Lakubo | UNI VIETNAM\",\"isPartOf\":{\"@id\":\"https:\/\/www.mp-uni.com\/vn\/#website\"},\"datePublished\":\"2023-09-12T02:43:27+00:00\",\"dateModified\":\"2023-11-10T09:03:40+00:00\",\"breadcrumb\":{\"@id\":\"https:\/\/www.mp-uni.com\/vn\/product\/laknock-lakubo\/#breadcrumb\"},\"inLanguage\":\"en-US\",\"potentialAction\":[{\"@type\":\"ReadAction\",\"target\":[\"https:\/\/www.mp-uni.com\/vn\/product\/laknock-lakubo\/\"]}]},{\"@type\":\"BreadcrumbList\",\"@id\":\"https:\/\/www.mp-uni.com\/vn\/product\/laknock-lakubo\/#breadcrumb\",\"itemListElement\":[{\"@type\":\"ListItem\",\"position\":1,\"name\":\"Home\",\"item\":\"https:\/\/www.mp-uni.com\/vn\/\"},{\"@type\":\"ListItem\",\"position\":2,\"name\":\"S\u1ea3n ph\u1ea9m\",\"item\":\"https:\/\/www.mp-uni.com\/vn\/product\/\"},{\"@type\":\"ListItem\",\"position\":3,\"name\":\"Laknock &#038; Lakubo\"}]},{\"@type\":\"WebSite\",\"@id\":\"https:\/\/www.mp-uni.com\/vn\/#website\",\"url\":\"https:\/\/www.mp-uni.com\/vn\/\",\"name\":\"UNI VIETNAM\",\"description\":\"uni Mitsubishi Pencil a leading writing instruments manufacture.\",\"publisher\":{\"@id\":\"https:\/\/www.mp-uni.com\/vn\/#organization\"},\"alternateName\":\"MITSUBISHI PENCIL CO., LTD.\",\"potentialAction\":[{\"@type\":\"SearchAction\",\"target\":{\"@type\":\"EntryPoint\",\"urlTemplate\":\"https:\/\/www.mp-uni.com\/vn\/?s={search_term_string}\"},\"query-input\":{\"@type\":\"PropertyValueSpecification\",\"valueRequired\":true,\"valueName\":\"search_term_string\"}}],\"inLanguage\":\"en-US\"},{\"@type\":\"Organization\",\"@id\":\"https:\/\/www.mp-uni.com\/vn\/#organization\",\"name\":\"MITSUBISHI PENCIL CO., LTD.\",\"alternateName\":\"MITSUBISHI PENCIL CO., LTD.\",\"url\":\"https:\/\/www.mp-uni.com\/vn\/\",\"logo\":{\"@type\":\"ImageObject\",\"inLanguage\":\"en-US\",\"@id\":\"https:\/\/www.mp-uni.com\/vn\/#\/schema\/logo\/image\/\",\"url\":\"https:\/\/www.mp-uni.com\/vn\/wp-content\/uploads\/sites\/3\/2023\/12\/uni-ball.jpg\",\"contentUrl\":\"https:\/\/www.mp-uni.com\/vn\/wp-content\/uploads\/sites\/3\/2023\/12\/uni-ball.jpg\",\"width\":696,\"height\":696,\"caption\":\"MITSUBISHI PENCIL CO., LTD.\"},\"image\":{\"@id\":\"https:\/\/www.mp-uni.com\/vn\/#\/schema\/logo\/image\/\"},\"sameAs\":[\"https:\/\/www.facebook.com\/uni-Vietnam-248007665744387\/\"]}]}<\/script>\n<!-- \/ Yoast SEO plugin. -->","yoast_head_json":{"title":"Laknock & Lakubo | UNI VIETNAM","robots":{"index":"index","follow":"follow","max-snippet":"max-snippet:-1","max-image-preview":"max-image-preview:large","max-video-preview":"max-video-preview:-1"},"canonical":"https:\/\/www.mp-uni.com\/vn\/product\/laknock-lakubo\/","og_locale":"en_US","og_type":"article","og_title":"Laknock & Lakubo | UNI VIETNAM","og_description":"[vc_row][vc_column][vc_row_inner css=&#8221;.vc_custom_1695117110201{margin-bottom: 40px !important;}&#8221;][vc_column_inner width=&#8221;2\/3&#8243;][vc_column_text css=&#8221;.vc_custom_1699607225697{margin-bottom: 20px !important;}&#8221;]C\u00f3 \u0111\u01b0\u1ee3c tr\u1ea3i nghi\u1ec7m vi\u1ebft m\u01b0\u1ee3t m\u00e0, B\u00fat c\u00f3 c\u1ea3m gi\u00e1c c\u1ea7m n\u1eafm r\u1ea5t tho\u1ea3i m\u00e1i. Cho ph\u00e9p b\u1ea1n vi\u1ebft trong th\u1eddi gian d\u00e0i m\u00e0 kh\u00f4ng th\u1ea5y m\u1ec7t m\u1ecfi. N\u1ebfu b\u1ea1n n\u1eb1m trong s\u1ed1 nh\u1eefng ng\u01b0\u1eddi vi\u1ebft nhi\u1ec1u \u1edf n\u01a1i l\u00e0m vi\u1ec7c ho\u1eb7c tr\u01b0\u1eddng h\u1ecdc, b\u1ea1n ch\u1eafc ch\u1eafn [&hellip;]","og_url":"https:\/\/www.mp-uni.com\/vn\/product\/laknock-lakubo\/","og_site_name":"UNI VIETNAM","article_publisher":"https:\/\/www.facebook.com\/uni-Vietnam-248007665744387\/","article_modified_time":"2023-11-10T09:03:40+00:00","og_image":[{"width":1200,"height":675,"url":"https:\/\/www.mp-uni.com\/vn\/wp-content\/uploads\/sites\/3\/2023\/12\/uni-ball_Share.png","type":"image\/png"}],"twitter_card":"summary_large_image","twitter_misc":{"Est. reading time":"2 minutes"},"schema":{"@context":"https:\/\/schema.org","@graph":[{"@type":"WebPage","@id":"https:\/\/www.mp-uni.com\/vn\/product\/laknock-lakubo\/","url":"https:\/\/www.mp-uni.com\/vn\/product\/laknock-lakubo\/","name":"Laknock & Lakubo | UNI VIETNAM","isPartOf":{"@id":"https:\/\/www.mp-uni.com\/vn\/#website"},"datePublished":"2023-09-12T02:43:27+00:00","dateModified":"2023-11-10T09:03:40+00:00","breadcrumb":{"@id":"https:\/\/www.mp-uni.com\/vn\/product\/laknock-lakubo\/#breadcrumb"},"inLanguage":"en-US","potentialAction":[{"@type":"ReadAction","target":["https:\/\/www.mp-uni.com\/vn\/product\/laknock-lakubo\/"]}]},{"@type":"BreadcrumbList","@id":"https:\/\/www.mp-uni.com\/vn\/product\/laknock-lakubo\/#breadcrumb","itemListElement":[{"@type":"ListItem","position":1,"name":"Home","item":"https:\/\/www.mp-uni.com\/vn\/"},{"@type":"ListItem","position":2,"name":"S\u1ea3n ph\u1ea9m","item":"https:\/\/www.mp-uni.com\/vn\/product\/"},{"@type":"ListItem","position":3,"name":"Laknock &#038; Lakubo"}]},{"@type":"WebSite","@id":"https:\/\/www.mp-uni.com\/vn\/#website","url":"https:\/\/www.mp-uni.com\/vn\/","name":"UNI VIETNAM","description":"uni Mitsubishi Pencil a leading writing instruments manufacture.","publisher":{"@id":"https:\/\/www.mp-uni.com\/vn\/#organization"},"alternateName":"MITSUBISHI PENCIL CO., LTD.","potentialAction":[{"@type":"SearchAction","target":{"@type":"EntryPoint","urlTemplate":"https:\/\/www.mp-uni.com\/vn\/?s={search_term_string}"},"query-input":{"@type":"PropertyValueSpecification","valueRequired":true,"valueName":"search_term_string"}}],"inLanguage":"en-US"},{"@type":"Organization","@id":"https:\/\/www.mp-uni.com\/vn\/#organization","name":"MITSUBISHI PENCIL CO., LTD.","alternateName":"MITSUBISHI PENCIL CO., LTD.","url":"https:\/\/www.mp-uni.com\/vn\/","logo":{"@type":"ImageObject","inLanguage":"en-US","@id":"https:\/\/www.mp-uni.com\/vn\/#\/schema\/logo\/image\/","url":"https:\/\/www.mp-uni.com\/vn\/wp-content\/uploads\/sites\/3\/2023\/12\/uni-ball.jpg","contentUrl":"https:\/\/www.mp-uni.com\/vn\/wp-content\/uploads\/sites\/3\/2023\/12\/uni-ball.jpg","width":696,"height":696,"caption":"MITSUBISHI PENCIL CO., LTD."},"image":{"@id":"https:\/\/www.mp-uni.com\/vn\/#\/schema\/logo\/image\/"},"sameAs":["https:\/\/www.facebook.com\/uni-Vietnam-248007665744387\/"]}]}},"_links":{"self":[{"href":"https:\/\/www.mp-uni.com\/vn\/wp-json\/wp\/v2\/pages\/461","targetHints":{"allow":["GET"]}}],"collection":[{"href":"https:\/\/www.mp-uni.com\/vn\/wp-json\/wp\/v2\/pages"}],"about":[{"href":"https:\/\/www.mp-uni.com\/vn\/wp-json\/wp\/v2\/types\/page"}],"author":[{"embeddable":true,"href":"https:\/\/www.mp-uni.com\/vn\/wp-json\/wp\/v2\/users\/1"}],"replies":[{"embeddable":true,"href":"https:\/\/www.mp-uni.com\/vn\/wp-json\/wp\/v2\/comments?post=461"}],"version-history":[{"count":16,"href":"https:\/\/www.mp-uni.com\/vn\/wp-json\/wp\/v2\/pages\/461\/revisions"}],"predecessor-version":[{"id":5464,"href":"https:\/\/www.mp-uni.com\/vn\/wp-json\/wp\/v2\/pages\/461\/revisions\/5464"}],"up":[{"embeddable":true,"href":"https:\/\/www.mp-uni.com\/vn\/wp-json\/wp\/v2\/pages\/2"}],"wp:attachment":[{"href":"https:\/\/www.mp-uni.com\/vn\/wp-json\/wp\/v2\/media?parent=461"}],"curies":[{"name":"wp","href":"https:\/\/api.w.org\/{rel}","templated":true}]}}