{"id":5384,"date":"2023-11-02T14:40:49","date_gmt":"2023-11-02T07:40:49","guid":{"rendered":"https:\/\/www.mp-uni.com\/vietnam\/?page_id=5384"},"modified":"2024-05-24T15:44:38","modified_gmt":"2024-05-24T08:44:38","slug":"dermatograph","status":"publish","type":"page","link":"https:\/\/www.mp-uni.com\/vn\/product\/dermatograph\/","title":{"rendered":"DERMATOGRAPH"},"content":{"rendered":"<div class=\"wpb-content-wrapper\"><p>[vc_row][vc_column][vc_row_inner][vc_column_inner width=&#8221;2\/3&#8243;][vc_column_text]Lo\u1ea1i b\u00fat ch\u00ec m\u00e0u n\u00e0y r\u1ea5t th\u00edch h\u1ee3p \u0111\u1ec3 vi\u1ebft tr\u00ean v\u1eadt li\u1ec7u th\u1ee7y tinh, kim lo\u1ea1i v\u00e0 nh\u1ef1a\u2026 L\u1edbp gi\u1ea5y bao quanh th\u00e2n b\u00fat d\u1ec5 d\u00e0ng \u0111\u01b0\u1ee3c th\u00e1o l\u1ed9t b\u1eb1ng c\u00e1ch k\u00e9o s\u1ee3i ch\u1ec9 \u0111\u1ec3 l\u00e0m l\u00f5i b\u00fat l\u1ed9 ra b\u00ean ngo\u00e0i nhi\u1ec1u h\u01a1n.<\/p>\n<p>[\/vc_column_text][\/vc_column_inner][vc_column_inner width=&#8221;1\/3&#8243;][vc_column_text el_class=&#8221;.remarkableBox&#8221;]<\/p>\n<h2>\u0110i\u1ec3m \u0111\u1eb7c tr\u01b0ng<\/h2>\n<ul>\n<li>Vi\u1ebft \u0111\u01b0\u1ee3c tr\u00ean h\u1ea7u h\u1ebft m\u1ecdi v\u1eadt li\u1ec7u<\/li>\n<li>D\u1ec5 d\u00e0ng b\u00f3c b\u1ecf l\u1edbp v\u1ecf khi c\u1ea7n th\u00eam l\u00f5i b\u00fat<\/li>\n<\/ul>\n<p>[\/vc_column_text][\/vc_column_inner][\/vc_row_inner][vc_column_text css=&#8221;.vc_custom_1699434219350{padding-top: 20px !important;}&#8221;]<\/p>\n<h3 style=\"text-align: center;\">D\u1ec5 d\u00e0ng b\u00f3c b\u1ecf l\u1edbp v\u1ecf khi c\u1ea7n th\u00eam l\u00f5i b\u00fat<\/h3>\n<p>[\/vc_column_text][vc_row_inner][vc_column_inner width=&#8221;1\/3&#8243;][vc_single_image image=&#8221;5378&#8243; img_size=&#8221;full&#8221; alignment=&#8221;center&#8221; css=&#8221;.vc_custom_1699434110296{margin-bottom: 10px !important;}&#8221;][vc_column_text]1. K\u00e9o s\u1ee3i ch\u1ec9 xu\u1ed1ng theo d\u1ea5u \u0111\u1ec3 t\u00e1ch b\u1ecf l\u1edbp gi\u1ea5y<\/p>\n<p>[\/vc_column_text][\/vc_column_inner][vc_column_inner width=&#8221;1\/3&#8243;][vc_single_image image=&#8221;5379&#8243; img_size=&#8221;full&#8221; alignment=&#8221;center&#8221; css=&#8221;.vc_custom_1699434114041{margin-bottom: 10px !important;}&#8221;][vc_column_text]2. L\u1ed9t l\u1edbp gi\u1ea5y xung quanh v\u1ebft c\u1eaft 1 v\u00f2ng b\u1eb1ng m\u00f3ng tay.<\/p>\n<p>[\/vc_column_text][\/vc_column_inner][vc_column_inner width=&#8221;1\/3&#8243;][vc_single_image image=&#8221;5380&#8243; img_size=&#8221;full&#8221; alignment=&#8221;center&#8221; css=&#8221;.vc_custom_1699434119880{margin-bottom: 10px !important;}&#8221;][vc_column_text]3. K\u00e9o l\u00ean \u0111\u1ec3 l\u1ed9t b\u1ecf l\u1edbp v\u1ecf gi\u1ea5y<\/p>\n<p>[\/vc_column_text][\/vc_column_inner][\/vc_row_inner][\/vc_column][\/vc_row]<\/p>\n<\/div>","protected":false},"excerpt":{"rendered":"<p>[vc_row][vc_column][vc_row_inner][vc_column_inner width=&#8221;2\/3&#8243;][vc_column_text]Lo\u1ea1i b\u00fat ch\u00ec m\u00e0u n\u00e0y r\u1ea5t th\u00edch h\u1ee3p \u0111\u1ec3 vi\u1ebft tr\u00ean v\u1eadt li\u1ec7u th\u1ee7y tinh, kim lo\u1ea1i v\u00e0 nh\u1ef1a\u2026 L\u1edbp gi\u1ea5y bao quanh th\u00e2n b\u00fat d\u1ec5 d\u00e0ng \u0111\u01b0\u1ee3c th\u00e1o l\u1ed9t b\u1eb1ng c\u00e1ch k\u00e9o s\u1ee3i ch\u1ec9 \u0111\u1ec3 l\u00e0m l\u00f5i b\u00fat l\u1ed9 ra b\u00ean ngo\u00e0i nhi\u1ec1u h\u01a1n. [\/vc_column_text][\/vc_column_inner][vc_column_inner width=&#8221;1\/3&#8243;][vc_column_text el_class=&#8221;.remarkableBox&#8221;] \u0110i\u1ec3m \u0111\u1eb7c tr\u01b0ng Vi\u1ebft \u0111\u01b0\u1ee3c tr\u00ean [&hellip;]<\/p>\n","protected":false},"author":1,"featured_media":0,"parent":2,"menu_order":21,"comment_status":"closed","ping_status":"closed","template":"","meta":{"footnotes":"","_links_to":"","_links_to_target":""},"class_list":["post-5384","page","type-page","status-publish","hentry"],"yoast_head":"<!-- This site is optimized with the Yoast SEO plugin v26.2 - https:\/\/yoast.com\/wordpress\/plugins\/seo\/ -->\n<title>DERMATOGRAPH | UNI VIETNAM<\/title>\n<meta name=\"robots\" content=\"index, follow, max-snippet:-1, max-image-preview:large, max-video-preview:-1\" \/>\n<link rel=\"canonical\" href=\"https:\/\/www.mp-uni.com\/vn\/product\/dermatograph\/\" \/>\n<meta property=\"og:locale\" content=\"en_US\" \/>\n<meta property=\"og:type\" content=\"article\" \/>\n<meta property=\"og:title\" content=\"DERMATOGRAPH | UNI VIETNAM\" \/>\n<meta property=\"og:description\" content=\"[vc_row][vc_column][vc_row_inner][vc_column_inner width=&#8221;2\/3&#8243;][vc_column_text]Lo\u1ea1i b\u00fat ch\u00ec m\u00e0u n\u00e0y r\u1ea5t th\u00edch h\u1ee3p \u0111\u1ec3 vi\u1ebft tr\u00ean v\u1eadt li\u1ec7u th\u1ee7y tinh, kim lo\u1ea1i v\u00e0 nh\u1ef1a\u2026 L\u1edbp gi\u1ea5y bao quanh th\u00e2n b\u00fat d\u1ec5 d\u00e0ng \u0111\u01b0\u1ee3c th\u00e1o l\u1ed9t b\u1eb1ng c\u00e1ch k\u00e9o s\u1ee3i ch\u1ec9 \u0111\u1ec3 l\u00e0m l\u00f5i b\u00fat l\u1ed9 ra b\u00ean ngo\u00e0i nhi\u1ec1u h\u01a1n. [\/vc_column_text][\/vc_column_inner][vc_column_inner width=&#8221;1\/3&#8243;][vc_column_text el_class=&#8221;.remarkableBox&#8221;] \u0110i\u1ec3m \u0111\u1eb7c tr\u01b0ng Vi\u1ebft \u0111\u01b0\u1ee3c tr\u00ean [&hellip;]\" \/>\n<meta property=\"og:url\" content=\"https:\/\/www.mp-uni.com\/vn\/product\/dermatograph\/\" \/>\n<meta property=\"og:site_name\" content=\"UNI VIETNAM\" \/>\n<meta property=\"article:publisher\" content=\"https:\/\/www.facebook.com\/uni-Vietnam-248007665744387\/\" \/>\n<meta property=\"article:modified_time\" content=\"2024-05-24T08:44:38+00:00\" \/>\n<meta property=\"og:image\" content=\"https:\/\/www.mp-uni.com\/vn\/wp-content\/uploads\/sites\/3\/2023\/12\/uni-ball_Share.png\" \/>\n\t<meta property=\"og:image:width\" content=\"1200\" \/>\n\t<meta property=\"og:image:height\" content=\"675\" \/>\n\t<meta property=\"og:image:type\" content=\"image\/png\" \/>\n<meta name=\"twitter:card\" content=\"summary_large_image\" \/>\n<meta name=\"twitter:label1\" content=\"Est. reading time\" \/>\n\t<meta name=\"twitter:data1\" content=\"2 minutes\" \/>\n<script type=\"application\/ld+json\" class=\"yoast-schema-graph\">{\"@context\":\"https:\/\/schema.org\",\"@graph\":[{\"@type\":\"WebPage\",\"@id\":\"https:\/\/www.mp-uni.com\/vn\/product\/dermatograph\/\",\"url\":\"https:\/\/www.mp-uni.com\/vn\/product\/dermatograph\/\",\"name\":\"DERMATOGRAPH | UNI VIETNAM\",\"isPartOf\":{\"@id\":\"https:\/\/www.mp-uni.com\/vn\/#website\"},\"datePublished\":\"2023-11-02T07:40:49+00:00\",\"dateModified\":\"2024-05-24T08:44:38+00:00\",\"breadcrumb\":{\"@id\":\"https:\/\/www.mp-uni.com\/vn\/product\/dermatograph\/#breadcrumb\"},\"inLanguage\":\"en-US\",\"potentialAction\":[{\"@type\":\"ReadAction\",\"target\":[\"https:\/\/www.mp-uni.com\/vn\/product\/dermatograph\/\"]}]},{\"@type\":\"BreadcrumbList\",\"@id\":\"https:\/\/www.mp-uni.com\/vn\/product\/dermatograph\/#breadcrumb\",\"itemListElement\":[{\"@type\":\"ListItem\",\"position\":1,\"name\":\"Home\",\"item\":\"https:\/\/www.mp-uni.com\/vn\/\"},{\"@type\":\"ListItem\",\"position\":2,\"name\":\"S\u1ea3n ph\u1ea9m\",\"item\":\"https:\/\/www.mp-uni.com\/vn\/product\/\"},{\"@type\":\"ListItem\",\"position\":3,\"name\":\"DERMATOGRAPH\"}]},{\"@type\":\"WebSite\",\"@id\":\"https:\/\/www.mp-uni.com\/vn\/#website\",\"url\":\"https:\/\/www.mp-uni.com\/vn\/\",\"name\":\"UNI VIETNAM\",\"description\":\"uni Mitsubishi Pencil a leading writing instruments manufacture.\",\"publisher\":{\"@id\":\"https:\/\/www.mp-uni.com\/vn\/#organization\"},\"alternateName\":\"MITSUBISHI PENCIL CO., LTD.\",\"potentialAction\":[{\"@type\":\"SearchAction\",\"target\":{\"@type\":\"EntryPoint\",\"urlTemplate\":\"https:\/\/www.mp-uni.com\/vn\/?s={search_term_string}\"},\"query-input\":{\"@type\":\"PropertyValueSpecification\",\"valueRequired\":true,\"valueName\":\"search_term_string\"}}],\"inLanguage\":\"en-US\"},{\"@type\":\"Organization\",\"@id\":\"https:\/\/www.mp-uni.com\/vn\/#organization\",\"name\":\"MITSUBISHI PENCIL CO., LTD.\",\"alternateName\":\"MITSUBISHI PENCIL CO., LTD.\",\"url\":\"https:\/\/www.mp-uni.com\/vn\/\",\"logo\":{\"@type\":\"ImageObject\",\"inLanguage\":\"en-US\",\"@id\":\"https:\/\/www.mp-uni.com\/vn\/#\/schema\/logo\/image\/\",\"url\":\"https:\/\/www.mp-uni.com\/vn\/wp-content\/uploads\/sites\/3\/2023\/12\/uni-ball.jpg\",\"contentUrl\":\"https:\/\/www.mp-uni.com\/vn\/wp-content\/uploads\/sites\/3\/2023\/12\/uni-ball.jpg\",\"width\":696,\"height\":696,\"caption\":\"MITSUBISHI PENCIL CO., LTD.\"},\"image\":{\"@id\":\"https:\/\/www.mp-uni.com\/vn\/#\/schema\/logo\/image\/\"},\"sameAs\":[\"https:\/\/www.facebook.com\/uni-Vietnam-248007665744387\/\"]}]}<\/script>\n<!-- \/ Yoast SEO plugin. -->","yoast_head_json":{"title":"DERMATOGRAPH | UNI VIETNAM","robots":{"index":"index","follow":"follow","max-snippet":"max-snippet:-1","max-image-preview":"max-image-preview:large","max-video-preview":"max-video-preview:-1"},"canonical":"https:\/\/www.mp-uni.com\/vn\/product\/dermatograph\/","og_locale":"en_US","og_type":"article","og_title":"DERMATOGRAPH | UNI VIETNAM","og_description":"[vc_row][vc_column][vc_row_inner][vc_column_inner width=&#8221;2\/3&#8243;][vc_column_text]Lo\u1ea1i b\u00fat ch\u00ec m\u00e0u n\u00e0y r\u1ea5t th\u00edch h\u1ee3p \u0111\u1ec3 vi\u1ebft tr\u00ean v\u1eadt li\u1ec7u th\u1ee7y tinh, kim lo\u1ea1i v\u00e0 nh\u1ef1a\u2026 L\u1edbp gi\u1ea5y bao quanh th\u00e2n b\u00fat d\u1ec5 d\u00e0ng \u0111\u01b0\u1ee3c th\u00e1o l\u1ed9t b\u1eb1ng c\u00e1ch k\u00e9o s\u1ee3i ch\u1ec9 \u0111\u1ec3 l\u00e0m l\u00f5i b\u00fat l\u1ed9 ra b\u00ean ngo\u00e0i nhi\u1ec1u h\u01a1n. [\/vc_column_text][\/vc_column_inner][vc_column_inner width=&#8221;1\/3&#8243;][vc_column_text el_class=&#8221;.remarkableBox&#8221;] \u0110i\u1ec3m \u0111\u1eb7c tr\u01b0ng Vi\u1ebft \u0111\u01b0\u1ee3c tr\u00ean [&hellip;]","og_url":"https:\/\/www.mp-uni.com\/vn\/product\/dermatograph\/","og_site_name":"UNI VIETNAM","article_publisher":"https:\/\/www.facebook.com\/uni-Vietnam-248007665744387\/","article_modified_time":"2024-05-24T08:44:38+00:00","og_image":[{"width":1200,"height":675,"url":"https:\/\/www.mp-uni.com\/vn\/wp-content\/uploads\/sites\/3\/2023\/12\/uni-ball_Share.png","type":"image\/png"}],"twitter_card":"summary_large_image","twitter_misc":{"Est. reading time":"2 minutes"},"schema":{"@context":"https:\/\/schema.org","@graph":[{"@type":"WebPage","@id":"https:\/\/www.mp-uni.com\/vn\/product\/dermatograph\/","url":"https:\/\/www.mp-uni.com\/vn\/product\/dermatograph\/","name":"DERMATOGRAPH | UNI VIETNAM","isPartOf":{"@id":"https:\/\/www.mp-uni.com\/vn\/#website"},"datePublished":"2023-11-02T07:40:49+00:00","dateModified":"2024-05-24T08:44:38+00:00","breadcrumb":{"@id":"https:\/\/www.mp-uni.com\/vn\/product\/dermatograph\/#breadcrumb"},"inLanguage":"en-US","potentialAction":[{"@type":"ReadAction","target":["https:\/\/www.mp-uni.com\/vn\/product\/dermatograph\/"]}]},{"@type":"BreadcrumbList","@id":"https:\/\/www.mp-uni.com\/vn\/product\/dermatograph\/#breadcrumb","itemListElement":[{"@type":"ListItem","position":1,"name":"Home","item":"https:\/\/www.mp-uni.com\/vn\/"},{"@type":"ListItem","position":2,"name":"S\u1ea3n ph\u1ea9m","item":"https:\/\/www.mp-uni.com\/vn\/product\/"},{"@type":"ListItem","position":3,"name":"DERMATOGRAPH"}]},{"@type":"WebSite","@id":"https:\/\/www.mp-uni.com\/vn\/#website","url":"https:\/\/www.mp-uni.com\/vn\/","name":"UNI VIETNAM","description":"uni Mitsubishi Pencil a leading writing instruments manufacture.","publisher":{"@id":"https:\/\/www.mp-uni.com\/vn\/#organization"},"alternateName":"MITSUBISHI PENCIL CO., LTD.","potentialAction":[{"@type":"SearchAction","target":{"@type":"EntryPoint","urlTemplate":"https:\/\/www.mp-uni.com\/vn\/?s={search_term_string}"},"query-input":{"@type":"PropertyValueSpecification","valueRequired":true,"valueName":"search_term_string"}}],"inLanguage":"en-US"},{"@type":"Organization","@id":"https:\/\/www.mp-uni.com\/vn\/#organization","name":"MITSUBISHI PENCIL CO., LTD.","alternateName":"MITSUBISHI PENCIL CO., LTD.","url":"https:\/\/www.mp-uni.com\/vn\/","logo":{"@type":"ImageObject","inLanguage":"en-US","@id":"https:\/\/www.mp-uni.com\/vn\/#\/schema\/logo\/image\/","url":"https:\/\/www.mp-uni.com\/vn\/wp-content\/uploads\/sites\/3\/2023\/12\/uni-ball.jpg","contentUrl":"https:\/\/www.mp-uni.com\/vn\/wp-content\/uploads\/sites\/3\/2023\/12\/uni-ball.jpg","width":696,"height":696,"caption":"MITSUBISHI PENCIL CO., LTD."},"image":{"@id":"https:\/\/www.mp-uni.com\/vn\/#\/schema\/logo\/image\/"},"sameAs":["https:\/\/www.facebook.com\/uni-Vietnam-248007665744387\/"]}]}},"_links":{"self":[{"href":"https:\/\/www.mp-uni.com\/vn\/wp-json\/wp\/v2\/pages\/5384","targetHints":{"allow":["GET"]}}],"collection":[{"href":"https:\/\/www.mp-uni.com\/vn\/wp-json\/wp\/v2\/pages"}],"about":[{"href":"https:\/\/www.mp-uni.com\/vn\/wp-json\/wp\/v2\/types\/page"}],"author":[{"embeddable":true,"href":"https:\/\/www.mp-uni.com\/vn\/wp-json\/wp\/v2\/users\/1"}],"replies":[{"embeddable":true,"href":"https:\/\/www.mp-uni.com\/vn\/wp-json\/wp\/v2\/comments?post=5384"}],"version-history":[{"count":2,"href":"https:\/\/www.mp-uni.com\/vn\/wp-json\/wp\/v2\/pages\/5384\/revisions"}],"predecessor-version":[{"id":5634,"href":"https:\/\/www.mp-uni.com\/vn\/wp-json\/wp\/v2\/pages\/5384\/revisions\/5634"}],"up":[{"embeddable":true,"href":"https:\/\/www.mp-uni.com\/vn\/wp-json\/wp\/v2\/pages\/2"}],"wp:attachment":[{"href":"https:\/\/www.mp-uni.com\/vn\/wp-json\/wp\/v2\/media?parent=5384"}],"curies":[{"name":"wp","href":"https:\/\/api.w.org\/{rel}","templated":true}]}}