{"id":632,"date":"2023-09-12T09:43:27","date_gmt":"2023-09-12T02:43:27","guid":{"rendered":"https:\/\/www.mp-uni.com\/?page_id=632"},"modified":"2023-11-10T16:02:21","modified_gmt":"2023-11-10T09:02:21","slug":"uniball-eye","status":"publish","type":"page","link":"https:\/\/www.mp-uni.com\/vn\/product\/uniball-eye\/","title":{"rendered":"uni-ball eye"},"content":{"rendered":"<div class=\"wpb-content-wrapper\"><p>[vc_row][vc_column][vc_row_inner][vc_column_inner width=&#8221;2\/3&#8243;][vc_column_text]S\u1eed d\u1ee5ng vi\u00ean bi l\u0103n d\u1eabn m\u1ef1c \u0111\u01b0\u1ee3c y\u00eau th\u00edch tr\u00ean th\u1ebf gi\u1edbi su\u1ed1t h\u01a1n 20 n\u0103m qua, b\u00fat uni-ball eye s\u1eed d\u1ee5ng h\u1ec7 th\u1ed1ng UNI-FLOW \u0111\u1ea3m b\u1ea3o d\u00f2ng m\u1ef1c \u0111\u01b0\u1ee3c tu\u00f4n ra li\u00ean t\u1ee5c v\u00e0 hi\u1ec7u qu\u1ea3 khi vi\u1ebft cao cho \u0111\u1ebfn gi\u1ecdt m\u1ef1c cu\u1ed1i c\u00f9ng.[\/vc_column_text][\/vc_column_inner][vc_column_inner width=&#8221;1\/3&#8243;][vc_column_text el_class=&#8221;.remarkableBox&#8221;]<\/p>\n<h2>\u0110i\u1ec3m \u0111\u1eb7c tr\u01b0ng<\/h2>\n<ul>\n<li>Ch\u1ed1ng th\u1ea5m n\u01b0\u1edbc v\u00e0 ch\u1ed1ng phai<\/li>\n<li>H\u1ec7 th\u1ed1ng UNI-FLOW<\/li>\n<\/ul>\n<p>[\/vc_column_text][\/vc_column_inner][\/vc_row_inner][vc_row_inner css=&#8221;.vc_custom_1695118240930{margin-bottom: 40px !important;}&#8221;][vc_column_inner width=&#8221;1\/2&#8243;][vc_single_image image=&#8221;536&#8243; img_size=&#8221;full&#8221; css=&#8221;.vc_custom_1695882930465{margin-bottom: 0px !important;}&#8221;][\/vc_column_inner][vc_column_inner width=&#8221;1\/2&#8243;][vc_column_text css=&#8221;.vc_custom_1699505114909{padding-top: 20px !important;}&#8221;]<\/p>\n<h3>Kh\u00f4ng th\u1ea5m n\u01b0\u1edbc<\/h3>\n<p>M\u1ef1c super uni l\u00e0 m\u1ed9t c\u00f4ng ngh\u1ec7 \u0111\u1ed5i m\u1edbi \u0111\u1ed9c \u0111\u00e1o t\u1eeb Uni. M\u1ef1c c\u00f3 kh\u1ea3 n\u0103ng ch\u1ecbu \u0111\u01b0\u1ee3c n\u01b0\u1edbc v\u00e0 kh\u00f4ng b\u1ecb r\u1eeda tr\u00f4i d\u1ec5 d\u00e0ng.[\/vc_column_text][\/vc_column_inner][\/vc_row_inner][vc_row_inner css=&#8221;.vc_custom_1695118240930{margin-bottom: 40px !important;}&#8221;][vc_column_inner width=&#8221;2\/3&#8243;][vc_column_text css=&#8221;.vc_custom_1699505135709{padding-top: 20px !important;}&#8221;]<\/p>\n<h3>H\u1ec7 th\u1ed1ng UNI-FLOW<\/h3>\n<p>H\u1ec7 th\u1ed1ng UNI-FLOW \u0111\u1ea3m b\u1ea3o hi\u1ec7u qu\u1ea3 khi vi\u1ebft cao cho \u0111\u1ebfn gi\u1ecdt m\u1ef1c cu\u1ed1i c\u00f9ng.[\/vc_column_text][\/vc_column_inner][vc_column_inner width=&#8221;1\/3&#8243;][vc_single_image image=&#8221;635&#8243; img_size=&#8221;full&#8221; css=&#8221;.vc_custom_1695957660270{margin-bottom: 0px !important;}&#8221;][\/vc_column_inner][\/vc_row_inner][vc_row_inner][vc_column_inner width=&#8221;1\/3&#8243;][vc_video link=&#8221;https:\/\/www.youtube.com\/watch?v=wCkG2mnuJeE&#8221;][\/vc_column_inner][vc_column_inner width=&#8221;2\/3&#8243;][vc_column_text]<\/p>\n<h3>M\u1ef0C SI\u00caU\u2122<\/h3>\n<p>N\u1ed5i b\u1eadt trong t\u1ea5t c\u1ea3 c\u00e1c lo\u1ea1i b\u00fat bi \u0111\u01a1n v\u00e0 n\u1ed5i b\u1eadt nh\u1ea5t l\u00e0 d\u00f2ng SIGNO, Super Ink\u2122 l\u00e0 lo\u1ea1i m\u1ef1c b\u1ed9t m\u00e0u ch\u1ea5t l\u01b0\u1ee3ng d\u00e0nh cho l\u01b0u tr\u1eef, cung c\u1ea5p m\u1ee9c \u0111\u1ed9 kh\u00e1ng n\u01b0\u1edbc, h\u00f3a ch\u1ea5t v\u00e0 \u00e1nh s\u00e1ng v\u01b0\u1ee3t tr\u1ed9i.<\/p>\n<ul>\n<li>Axit mi\u00ean phi<\/li>\n<li>M\u1ef1c v\u0129nh vi\u1ec5n<\/li>\n<li>L\u00e2u d\u00e0i<\/li>\n<\/ul>\n<p>[\/vc_column_text][\/vc_column_inner][\/vc_row_inner][\/vc_column][\/vc_row]<\/p>\n<\/div>","protected":false},"excerpt":{"rendered":"<p>[vc_row][vc_column][vc_row_inner][vc_column_inner width=&#8221;2\/3&#8243;][vc_column_text]S\u1eed d\u1ee5ng vi\u00ean bi l\u0103n d\u1eabn m\u1ef1c \u0111\u01b0\u1ee3c y\u00eau th\u00edch tr\u00ean th\u1ebf gi\u1edbi su\u1ed1t h\u01a1n 20 n\u0103m qua, b\u00fat uni-ball eye s\u1eed d\u1ee5ng h\u1ec7 th\u1ed1ng UNI-FLOW \u0111\u1ea3m b\u1ea3o d\u00f2ng m\u1ef1c \u0111\u01b0\u1ee3c tu\u00f4n ra li\u00ean t\u1ee5c v\u00e0 hi\u1ec7u qu\u1ea3 khi vi\u1ebft cao cho \u0111\u1ebfn gi\u1ecdt m\u1ef1c cu\u1ed1i c\u00f9ng.[\/vc_column_text][\/vc_column_inner][vc_column_inner width=&#8221;1\/3&#8243;][vc_column_text el_class=&#8221;.remarkableBox&#8221;] \u0110i\u1ec3m \u0111\u1eb7c tr\u01b0ng Ch\u1ed1ng th\u1ea5m [&hellip;]<\/p>\n","protected":false},"author":1,"featured_media":0,"parent":2,"menu_order":4,"comment_status":"closed","ping_status":"closed","template":"","meta":{"footnotes":"","_links_to":"","_links_to_target":""},"class_list":["post-632","page","type-page","status-publish","hentry"],"yoast_head":"<!-- This site is optimized with the Yoast SEO plugin v26.2 - https:\/\/yoast.com\/wordpress\/plugins\/seo\/ -->\n<title>uni-ball eye | UNI VIETNAM<\/title>\n<meta name=\"robots\" content=\"index, follow, max-snippet:-1, max-image-preview:large, max-video-preview:-1\" \/>\n<link rel=\"canonical\" href=\"https:\/\/www.mp-uni.com\/vn\/product\/uniball-eye\/\" \/>\n<meta property=\"og:locale\" content=\"en_US\" \/>\n<meta property=\"og:type\" content=\"article\" \/>\n<meta property=\"og:title\" content=\"uni-ball eye | UNI VIETNAM\" \/>\n<meta property=\"og:description\" content=\"[vc_row][vc_column][vc_row_inner][vc_column_inner width=&#8221;2\/3&#8243;][vc_column_text]S\u1eed d\u1ee5ng vi\u00ean bi l\u0103n d\u1eabn m\u1ef1c \u0111\u01b0\u1ee3c y\u00eau th\u00edch tr\u00ean th\u1ebf gi\u1edbi su\u1ed1t h\u01a1n 20 n\u0103m qua, b\u00fat uni-ball eye s\u1eed d\u1ee5ng h\u1ec7 th\u1ed1ng UNI-FLOW \u0111\u1ea3m b\u1ea3o d\u00f2ng m\u1ef1c \u0111\u01b0\u1ee3c tu\u00f4n ra li\u00ean t\u1ee5c v\u00e0 hi\u1ec7u qu\u1ea3 khi vi\u1ebft cao cho \u0111\u1ebfn gi\u1ecdt m\u1ef1c cu\u1ed1i c\u00f9ng.[\/vc_column_text][\/vc_column_inner][vc_column_inner width=&#8221;1\/3&#8243;][vc_column_text el_class=&#8221;.remarkableBox&#8221;] \u0110i\u1ec3m \u0111\u1eb7c tr\u01b0ng Ch\u1ed1ng th\u1ea5m [&hellip;]\" \/>\n<meta property=\"og:url\" content=\"https:\/\/www.mp-uni.com\/vn\/product\/uniball-eye\/\" \/>\n<meta property=\"og:site_name\" content=\"UNI VIETNAM\" \/>\n<meta property=\"article:publisher\" content=\"https:\/\/www.facebook.com\/uni-Vietnam-248007665744387\/\" \/>\n<meta property=\"article:modified_time\" content=\"2023-11-10T09:02:21+00:00\" \/>\n<meta property=\"og:image\" content=\"https:\/\/www.mp-uni.com\/vn\/wp-content\/uploads\/sites\/3\/2023\/12\/uni-ball_Share.png\" \/>\n\t<meta property=\"og:image:width\" content=\"1200\" \/>\n\t<meta property=\"og:image:height\" content=\"675\" \/>\n\t<meta property=\"og:image:type\" content=\"image\/png\" \/>\n<meta name=\"twitter:card\" content=\"summary_large_image\" \/>\n<meta name=\"twitter:label1\" content=\"Est. reading time\" \/>\n\t<meta name=\"twitter:data1\" content=\"2 minutes\" \/>\n<script type=\"application\/ld+json\" class=\"yoast-schema-graph\">{\"@context\":\"https:\/\/schema.org\",\"@graph\":[{\"@type\":\"WebPage\",\"@id\":\"https:\/\/www.mp-uni.com\/vn\/product\/uniball-eye\/\",\"url\":\"https:\/\/www.mp-uni.com\/vn\/product\/uniball-eye\/\",\"name\":\"uni-ball eye | UNI VIETNAM\",\"isPartOf\":{\"@id\":\"https:\/\/www.mp-uni.com\/vn\/#website\"},\"datePublished\":\"2023-09-12T02:43:27+00:00\",\"dateModified\":\"2023-11-10T09:02:21+00:00\",\"breadcrumb\":{\"@id\":\"https:\/\/www.mp-uni.com\/vn\/product\/uniball-eye\/#breadcrumb\"},\"inLanguage\":\"en-US\",\"potentialAction\":[{\"@type\":\"ReadAction\",\"target\":[\"https:\/\/www.mp-uni.com\/vn\/product\/uniball-eye\/\"]}]},{\"@type\":\"BreadcrumbList\",\"@id\":\"https:\/\/www.mp-uni.com\/vn\/product\/uniball-eye\/#breadcrumb\",\"itemListElement\":[{\"@type\":\"ListItem\",\"position\":1,\"name\":\"Home\",\"item\":\"https:\/\/www.mp-uni.com\/vn\/\"},{\"@type\":\"ListItem\",\"position\":2,\"name\":\"S\u1ea3n ph\u1ea9m\",\"item\":\"https:\/\/www.mp-uni.com\/vn\/product\/\"},{\"@type\":\"ListItem\",\"position\":3,\"name\":\"uni-ball eye\"}]},{\"@type\":\"WebSite\",\"@id\":\"https:\/\/www.mp-uni.com\/vn\/#website\",\"url\":\"https:\/\/www.mp-uni.com\/vn\/\",\"name\":\"UNI VIETNAM\",\"description\":\"uni Mitsubishi Pencil a leading writing instruments manufacture.\",\"publisher\":{\"@id\":\"https:\/\/www.mp-uni.com\/vn\/#organization\"},\"alternateName\":\"MITSUBISHI PENCIL CO., LTD.\",\"potentialAction\":[{\"@type\":\"SearchAction\",\"target\":{\"@type\":\"EntryPoint\",\"urlTemplate\":\"https:\/\/www.mp-uni.com\/vn\/?s={search_term_string}\"},\"query-input\":{\"@type\":\"PropertyValueSpecification\",\"valueRequired\":true,\"valueName\":\"search_term_string\"}}],\"inLanguage\":\"en-US\"},{\"@type\":\"Organization\",\"@id\":\"https:\/\/www.mp-uni.com\/vn\/#organization\",\"name\":\"MITSUBISHI PENCIL CO., LTD.\",\"alternateName\":\"MITSUBISHI PENCIL CO., LTD.\",\"url\":\"https:\/\/www.mp-uni.com\/vn\/\",\"logo\":{\"@type\":\"ImageObject\",\"inLanguage\":\"en-US\",\"@id\":\"https:\/\/www.mp-uni.com\/vn\/#\/schema\/logo\/image\/\",\"url\":\"https:\/\/www.mp-uni.com\/vn\/wp-content\/uploads\/sites\/3\/2023\/12\/uni-ball.jpg\",\"contentUrl\":\"https:\/\/www.mp-uni.com\/vn\/wp-content\/uploads\/sites\/3\/2023\/12\/uni-ball.jpg\",\"width\":696,\"height\":696,\"caption\":\"MITSUBISHI PENCIL CO., LTD.\"},\"image\":{\"@id\":\"https:\/\/www.mp-uni.com\/vn\/#\/schema\/logo\/image\/\"},\"sameAs\":[\"https:\/\/www.facebook.com\/uni-Vietnam-248007665744387\/\"]}]}<\/script>\n<!-- \/ Yoast SEO plugin. -->","yoast_head_json":{"title":"uni-ball eye | UNI VIETNAM","robots":{"index":"index","follow":"follow","max-snippet":"max-snippet:-1","max-image-preview":"max-image-preview:large","max-video-preview":"max-video-preview:-1"},"canonical":"https:\/\/www.mp-uni.com\/vn\/product\/uniball-eye\/","og_locale":"en_US","og_type":"article","og_title":"uni-ball eye | UNI VIETNAM","og_description":"[vc_row][vc_column][vc_row_inner][vc_column_inner width=&#8221;2\/3&#8243;][vc_column_text]S\u1eed d\u1ee5ng vi\u00ean bi l\u0103n d\u1eabn m\u1ef1c \u0111\u01b0\u1ee3c y\u00eau th\u00edch tr\u00ean th\u1ebf gi\u1edbi su\u1ed1t h\u01a1n 20 n\u0103m qua, b\u00fat uni-ball eye s\u1eed d\u1ee5ng h\u1ec7 th\u1ed1ng UNI-FLOW \u0111\u1ea3m b\u1ea3o d\u00f2ng m\u1ef1c \u0111\u01b0\u1ee3c tu\u00f4n ra li\u00ean t\u1ee5c v\u00e0 hi\u1ec7u qu\u1ea3 khi vi\u1ebft cao cho \u0111\u1ebfn gi\u1ecdt m\u1ef1c cu\u1ed1i c\u00f9ng.[\/vc_column_text][\/vc_column_inner][vc_column_inner width=&#8221;1\/3&#8243;][vc_column_text el_class=&#8221;.remarkableBox&#8221;] \u0110i\u1ec3m \u0111\u1eb7c tr\u01b0ng Ch\u1ed1ng th\u1ea5m [&hellip;]","og_url":"https:\/\/www.mp-uni.com\/vn\/product\/uniball-eye\/","og_site_name":"UNI VIETNAM","article_publisher":"https:\/\/www.facebook.com\/uni-Vietnam-248007665744387\/","article_modified_time":"2023-11-10T09:02:21+00:00","og_image":[{"width":1200,"height":675,"url":"https:\/\/www.mp-uni.com\/vn\/wp-content\/uploads\/sites\/3\/2023\/12\/uni-ball_Share.png","type":"image\/png"}],"twitter_card":"summary_large_image","twitter_misc":{"Est. reading time":"2 minutes"},"schema":{"@context":"https:\/\/schema.org","@graph":[{"@type":"WebPage","@id":"https:\/\/www.mp-uni.com\/vn\/product\/uniball-eye\/","url":"https:\/\/www.mp-uni.com\/vn\/product\/uniball-eye\/","name":"uni-ball eye | UNI VIETNAM","isPartOf":{"@id":"https:\/\/www.mp-uni.com\/vn\/#website"},"datePublished":"2023-09-12T02:43:27+00:00","dateModified":"2023-11-10T09:02:21+00:00","breadcrumb":{"@id":"https:\/\/www.mp-uni.com\/vn\/product\/uniball-eye\/#breadcrumb"},"inLanguage":"en-US","potentialAction":[{"@type":"ReadAction","target":["https:\/\/www.mp-uni.com\/vn\/product\/uniball-eye\/"]}]},{"@type":"BreadcrumbList","@id":"https:\/\/www.mp-uni.com\/vn\/product\/uniball-eye\/#breadcrumb","itemListElement":[{"@type":"ListItem","position":1,"name":"Home","item":"https:\/\/www.mp-uni.com\/vn\/"},{"@type":"ListItem","position":2,"name":"S\u1ea3n ph\u1ea9m","item":"https:\/\/www.mp-uni.com\/vn\/product\/"},{"@type":"ListItem","position":3,"name":"uni-ball eye"}]},{"@type":"WebSite","@id":"https:\/\/www.mp-uni.com\/vn\/#website","url":"https:\/\/www.mp-uni.com\/vn\/","name":"UNI VIETNAM","description":"uni Mitsubishi Pencil a leading writing instruments manufacture.","publisher":{"@id":"https:\/\/www.mp-uni.com\/vn\/#organization"},"alternateName":"MITSUBISHI PENCIL CO., LTD.","potentialAction":[{"@type":"SearchAction","target":{"@type":"EntryPoint","urlTemplate":"https:\/\/www.mp-uni.com\/vn\/?s={search_term_string}"},"query-input":{"@type":"PropertyValueSpecification","valueRequired":true,"valueName":"search_term_string"}}],"inLanguage":"en-US"},{"@type":"Organization","@id":"https:\/\/www.mp-uni.com\/vn\/#organization","name":"MITSUBISHI PENCIL CO., LTD.","alternateName":"MITSUBISHI PENCIL CO., LTD.","url":"https:\/\/www.mp-uni.com\/vn\/","logo":{"@type":"ImageObject","inLanguage":"en-US","@id":"https:\/\/www.mp-uni.com\/vn\/#\/schema\/logo\/image\/","url":"https:\/\/www.mp-uni.com\/vn\/wp-content\/uploads\/sites\/3\/2023\/12\/uni-ball.jpg","contentUrl":"https:\/\/www.mp-uni.com\/vn\/wp-content\/uploads\/sites\/3\/2023\/12\/uni-ball.jpg","width":696,"height":696,"caption":"MITSUBISHI PENCIL CO., LTD."},"image":{"@id":"https:\/\/www.mp-uni.com\/vn\/#\/schema\/logo\/image\/"},"sameAs":["https:\/\/www.facebook.com\/uni-Vietnam-248007665744387\/"]}]}},"_links":{"self":[{"href":"https:\/\/www.mp-uni.com\/vn\/wp-json\/wp\/v2\/pages\/632","targetHints":{"allow":["GET"]}}],"collection":[{"href":"https:\/\/www.mp-uni.com\/vn\/wp-json\/wp\/v2\/pages"}],"about":[{"href":"https:\/\/www.mp-uni.com\/vn\/wp-json\/wp\/v2\/types\/page"}],"author":[{"embeddable":true,"href":"https:\/\/www.mp-uni.com\/vn\/wp-json\/wp\/v2\/users\/1"}],"replies":[{"embeddable":true,"href":"https:\/\/www.mp-uni.com\/vn\/wp-json\/wp\/v2\/comments?post=632"}],"version-history":[{"count":10,"href":"https:\/\/www.mp-uni.com\/vn\/wp-json\/wp\/v2\/pages\/632\/revisions"}],"predecessor-version":[{"id":5463,"href":"https:\/\/www.mp-uni.com\/vn\/wp-json\/wp\/v2\/pages\/632\/revisions\/5463"}],"up":[{"embeddable":true,"href":"https:\/\/www.mp-uni.com\/vn\/wp-json\/wp\/v2\/pages\/2"}],"wp:attachment":[{"href":"https:\/\/www.mp-uni.com\/vn\/wp-json\/wp\/v2\/media?parent=632"}],"curies":[{"name":"wp","href":"https:\/\/api.w.org\/{rel}","templated":true}]}}