{"id":782,"date":"2023-11-02T14:40:51","date_gmt":"2023-11-02T07:40:51","guid":{"rendered":"https:\/\/www.mp-uni.com\/?page_id=782"},"modified":"2024-04-17T13:51:14","modified_gmt":"2024-04-17T06:51:14","slug":"kuru-toga","status":"publish","type":"page","link":"https:\/\/www.mp-uni.com\/vn\/product\/kuru-toga\/","title":{"rendered":"KURU TOGA"},"content":{"rendered":"<div class=\"wpb-content-wrapper\"><p>[vc_row][vc_column][vc_row_inner css=&#8221;.vc_custom_1696077721878{margin-bottom: 40px !important;}&#8221;][vc_column_inner width=&#8221;2\/3&#8243;][vc_column_text css=&#8221;.vc_custom_1699504413685{margin-bottom: 10px !important;}&#8221;]Lo\u1ea1i m\u1ef1c gel m\u1edbi n\u00e0y gi\u00fap t\u0103ng t\u1ed1c \u0111\u1ed9 vi\u1ebft m\u00e0 kh\u00f4ng b\u1ecb ng\u1eaft m\u1ef1c hay nh\u00f2e. \u0110\u1ed3ng th\u1eddi n\u00e9t ch\u1eef \u0111\u01b0\u1ee3c th\u1ec3 hi\u1ec7n r\u00f5 r\u00e0ng tr\u00ean c\u00e1c lo\u1ea1i gi\u1ea5y kh\u00e1c nhau.[\/vc_column_text][vc_single_image image=&#8221;786&#8243; img_size=&#8221;full&#8221; alignment=&#8221;center&#8221; css=&#8221;.vc_custom_1696069914391{margin-bottom: 0px !important;}&#8221;][\/vc_column_inner][vc_column_inner width=&#8221;1\/3&#8243;][vc_column_text el_class=&#8221;.remarkableBox&#8221;]<\/p>\n<h2>Nh\u1eefng \u0111i\u1ec3m n\u1ed5i b\u1eadt<\/h2>\n<ul>\n<li>C\u00f4ng ngh\u1ec7 Kuru Toga<\/li>\n<li>L\u00f5i b\u00fat ch\u1ee9a nano-diamond l\u00e0m n\u00e9t b\u00fat m\u01b0\u1ee3t m\u00e0 v\u00e0 m\u1ea1nh m\u1ebd h\u01a1n<\/li>\n<\/ul>\n<p>[\/vc_column_text][\/vc_column_inner][\/vc_row_inner][vc_row_inner][vc_column_inner width=&#8221;3\/4&#8243;][vc_column_text css=&#8221;.vc_custom_1699504381393{margin-bottom: 20px !important;padding-top: 30px !important;}&#8221;]<\/p>\n<h3>C\u01a1 ch\u1ebf t\u1ef1 \u0111\u1ed9ng xoay l\u00f5i b\u00fat<\/h3>\n<p>[\/vc_column_text][vc_column_text]A Special mechanical pencil with gears inside that revolve as the pencil lead presses down and lifts off the paper. Each time you write, the lead moves fractionally to maintain an even sharpness.[\/vc_column_text][\/vc_column_inner][vc_column_inner width=&#8221;1\/4&#8243;][vc_single_image image=&#8221;5600&#8243; img_size=&#8221;full&#8221; alignment=&#8221;center&#8221; onclick=&#8221;link_image&#8221; el_class=&#8221;.border&#8221; css=&#8221;.vc_custom_1713336662498{margin-bottom: 0px !important;}&#8221;][\/vc_column_inner][\/vc_row_inner][vc_row_inner css=&#8221;.vc_custom_1696079107468{margin-bottom: 40px !important;}&#8221;][vc_column_inner width=&#8221;1\/4&#8243;][vc_single_image image=&#8221;5601&#8243; img_size=&#8221;full&#8221; alignment=&#8221;center&#8221; onclick=&#8221;link_image&#8221; el_class=&#8221;.border&#8221; css=&#8221;.vc_custom_1713336672066{margin-bottom: 20px !important;}&#8221;][\/vc_column_inner][vc_column_inner width=&#8221;3\/4&#8243;][vc_column_text css=&#8221;.vc_custom_1699504402712{margin-bottom: 20px !important;padding-top: 30px !important;}&#8221;]<\/p>\n<h3>Gi\u00fap l\u00f5i b\u00fat l\u00fac n\u00e0o c\u0169ng s\u1eafc n\u00e9t v\u00e0 kh\u00f4ng b\u1ecb g\u00e3y ng\u00f2i<\/h3>\n<p>[\/vc_column_text][vc_column_text]The mechanical pencil with the revolving lead that STAYS SHARP.<\/p>\n<p>Revolving lead that stays sharp ! Does not break Easily, 360 degree auto-rotating lead system[\/vc_column_text][\/vc_column_inner][\/vc_row_inner][\/vc_column][\/vc_row]<\/p>\n<\/div>","protected":false},"excerpt":{"rendered":"<p>[vc_row][vc_column][vc_row_inner css=&#8221;.vc_custom_1696077721878{margin-bottom: 40px !important;}&#8221;][vc_column_inner width=&#8221;2\/3&#8243;][vc_column_text css=&#8221;.vc_custom_1699504413685{margin-bottom: 10px !important;}&#8221;]Lo\u1ea1i m\u1ef1c gel m\u1edbi n\u00e0y gi\u00fap t\u0103ng t\u1ed1c \u0111\u1ed9 vi\u1ebft m\u00e0 kh\u00f4ng b\u1ecb ng\u1eaft m\u1ef1c hay nh\u00f2e. \u0110\u1ed3ng th\u1eddi n\u00e9t ch\u1eef \u0111\u01b0\u1ee3c th\u1ec3 hi\u1ec7n r\u00f5 r\u00e0ng tr\u00ean c\u00e1c lo\u1ea1i gi\u1ea5y kh\u00e1c nhau.[\/vc_column_text][vc_single_image image=&#8221;786&#8243; img_size=&#8221;full&#8221; alignment=&#8221;center&#8221; css=&#8221;.vc_custom_1696069914391{margin-bottom: 0px !important;}&#8221;][\/vc_column_inner][vc_column_inner width=&#8221;1\/3&#8243;][vc_column_text el_class=&#8221;.remarkableBox&#8221;] Nh\u1eefng \u0111i\u1ec3m n\u1ed5i b\u1eadt C\u00f4ng ngh\u1ec7 Kuru Toga [&hellip;]<\/p>\n","protected":false},"author":1,"featured_media":0,"parent":2,"menu_order":7,"comment_status":"closed","ping_status":"closed","template":"","meta":{"footnotes":"","_links_to":"","_links_to_target":""},"class_list":["post-782","page","type-page","status-publish","hentry"],"yoast_head":"<!-- This site is optimized with the Yoast SEO plugin v26.2 - https:\/\/yoast.com\/wordpress\/plugins\/seo\/ -->\n<title>KURU TOGA | UNI VIETNAM<\/title>\n<meta name=\"robots\" content=\"index, follow, max-snippet:-1, max-image-preview:large, max-video-preview:-1\" \/>\n<link rel=\"canonical\" href=\"https:\/\/www.mp-uni.com\/vn\/product\/kuru-toga\/\" \/>\n<meta property=\"og:locale\" content=\"en_US\" \/>\n<meta property=\"og:type\" content=\"article\" \/>\n<meta property=\"og:title\" content=\"KURU TOGA | UNI VIETNAM\" \/>\n<meta property=\"og:description\" content=\"[vc_row][vc_column][vc_row_inner css=&#8221;.vc_custom_1696077721878{margin-bottom: 40px !important;}&#8221;][vc_column_inner width=&#8221;2\/3&#8243;][vc_column_text css=&#8221;.vc_custom_1699504413685{margin-bottom: 10px !important;}&#8221;]Lo\u1ea1i m\u1ef1c gel m\u1edbi n\u00e0y gi\u00fap t\u0103ng t\u1ed1c \u0111\u1ed9 vi\u1ebft m\u00e0 kh\u00f4ng b\u1ecb ng\u1eaft m\u1ef1c hay nh\u00f2e. \u0110\u1ed3ng th\u1eddi n\u00e9t ch\u1eef \u0111\u01b0\u1ee3c th\u1ec3 hi\u1ec7n r\u00f5 r\u00e0ng tr\u00ean c\u00e1c lo\u1ea1i gi\u1ea5y kh\u00e1c nhau.[\/vc_column_text][vc_single_image image=&#8221;786&#8243; img_size=&#8221;full&#8221; alignment=&#8221;center&#8221; css=&#8221;.vc_custom_1696069914391{margin-bottom: 0px !important;}&#8221;][\/vc_column_inner][vc_column_inner width=&#8221;1\/3&#8243;][vc_column_text el_class=&#8221;.remarkableBox&#8221;] Nh\u1eefng \u0111i\u1ec3m n\u1ed5i b\u1eadt C\u00f4ng ngh\u1ec7 Kuru Toga [&hellip;]\" \/>\n<meta property=\"og:url\" content=\"https:\/\/www.mp-uni.com\/vn\/product\/kuru-toga\/\" \/>\n<meta property=\"og:site_name\" content=\"UNI VIETNAM\" \/>\n<meta property=\"article:publisher\" content=\"https:\/\/www.facebook.com\/uni-Vietnam-248007665744387\/\" \/>\n<meta property=\"article:modified_time\" content=\"2024-04-17T06:51:14+00:00\" \/>\n<meta property=\"og:image\" content=\"https:\/\/www.mp-uni.com\/vn\/wp-content\/uploads\/sites\/3\/2023\/12\/uni-ball_Share.png\" \/>\n\t<meta property=\"og:image:width\" content=\"1200\" \/>\n\t<meta property=\"og:image:height\" content=\"675\" \/>\n\t<meta property=\"og:image:type\" content=\"image\/png\" \/>\n<meta name=\"twitter:card\" content=\"summary_large_image\" \/>\n<meta name=\"twitter:label1\" content=\"Est. reading time\" \/>\n\t<meta name=\"twitter:data1\" content=\"2 minutes\" \/>\n<script type=\"application\/ld+json\" class=\"yoast-schema-graph\">{\"@context\":\"https:\/\/schema.org\",\"@graph\":[{\"@type\":\"WebPage\",\"@id\":\"https:\/\/www.mp-uni.com\/vn\/product\/kuru-toga\/\",\"url\":\"https:\/\/www.mp-uni.com\/vn\/product\/kuru-toga\/\",\"name\":\"KURU TOGA | UNI VIETNAM\",\"isPartOf\":{\"@id\":\"https:\/\/www.mp-uni.com\/vn\/#website\"},\"datePublished\":\"2023-11-02T07:40:51+00:00\",\"dateModified\":\"2024-04-17T06:51:14+00:00\",\"breadcrumb\":{\"@id\":\"https:\/\/www.mp-uni.com\/vn\/product\/kuru-toga\/#breadcrumb\"},\"inLanguage\":\"en-US\",\"potentialAction\":[{\"@type\":\"ReadAction\",\"target\":[\"https:\/\/www.mp-uni.com\/vn\/product\/kuru-toga\/\"]}]},{\"@type\":\"BreadcrumbList\",\"@id\":\"https:\/\/www.mp-uni.com\/vn\/product\/kuru-toga\/#breadcrumb\",\"itemListElement\":[{\"@type\":\"ListItem\",\"position\":1,\"name\":\"Home\",\"item\":\"https:\/\/www.mp-uni.com\/vn\/\"},{\"@type\":\"ListItem\",\"position\":2,\"name\":\"S\u1ea3n ph\u1ea9m\",\"item\":\"https:\/\/www.mp-uni.com\/vn\/product\/\"},{\"@type\":\"ListItem\",\"position\":3,\"name\":\"KURU TOGA\"}]},{\"@type\":\"WebSite\",\"@id\":\"https:\/\/www.mp-uni.com\/vn\/#website\",\"url\":\"https:\/\/www.mp-uni.com\/vn\/\",\"name\":\"UNI VIETNAM\",\"description\":\"uni Mitsubishi Pencil a leading writing instruments manufacture.\",\"publisher\":{\"@id\":\"https:\/\/www.mp-uni.com\/vn\/#organization\"},\"alternateName\":\"MITSUBISHI PENCIL CO., LTD.\",\"potentialAction\":[{\"@type\":\"SearchAction\",\"target\":{\"@type\":\"EntryPoint\",\"urlTemplate\":\"https:\/\/www.mp-uni.com\/vn\/?s={search_term_string}\"},\"query-input\":{\"@type\":\"PropertyValueSpecification\",\"valueRequired\":true,\"valueName\":\"search_term_string\"}}],\"inLanguage\":\"en-US\"},{\"@type\":\"Organization\",\"@id\":\"https:\/\/www.mp-uni.com\/vn\/#organization\",\"name\":\"MITSUBISHI PENCIL CO., LTD.\",\"alternateName\":\"MITSUBISHI PENCIL CO., LTD.\",\"url\":\"https:\/\/www.mp-uni.com\/vn\/\",\"logo\":{\"@type\":\"ImageObject\",\"inLanguage\":\"en-US\",\"@id\":\"https:\/\/www.mp-uni.com\/vn\/#\/schema\/logo\/image\/\",\"url\":\"https:\/\/www.mp-uni.com\/vn\/wp-content\/uploads\/sites\/3\/2023\/12\/uni-ball.jpg\",\"contentUrl\":\"https:\/\/www.mp-uni.com\/vn\/wp-content\/uploads\/sites\/3\/2023\/12\/uni-ball.jpg\",\"width\":696,\"height\":696,\"caption\":\"MITSUBISHI PENCIL CO., LTD.\"},\"image\":{\"@id\":\"https:\/\/www.mp-uni.com\/vn\/#\/schema\/logo\/image\/\"},\"sameAs\":[\"https:\/\/www.facebook.com\/uni-Vietnam-248007665744387\/\"]}]}<\/script>\n<!-- \/ Yoast SEO plugin. -->","yoast_head_json":{"title":"KURU TOGA | UNI VIETNAM","robots":{"index":"index","follow":"follow","max-snippet":"max-snippet:-1","max-image-preview":"max-image-preview:large","max-video-preview":"max-video-preview:-1"},"canonical":"https:\/\/www.mp-uni.com\/vn\/product\/kuru-toga\/","og_locale":"en_US","og_type":"article","og_title":"KURU TOGA | UNI VIETNAM","og_description":"[vc_row][vc_column][vc_row_inner css=&#8221;.vc_custom_1696077721878{margin-bottom: 40px !important;}&#8221;][vc_column_inner width=&#8221;2\/3&#8243;][vc_column_text css=&#8221;.vc_custom_1699504413685{margin-bottom: 10px !important;}&#8221;]Lo\u1ea1i m\u1ef1c gel m\u1edbi n\u00e0y gi\u00fap t\u0103ng t\u1ed1c \u0111\u1ed9 vi\u1ebft m\u00e0 kh\u00f4ng b\u1ecb ng\u1eaft m\u1ef1c hay nh\u00f2e. \u0110\u1ed3ng th\u1eddi n\u00e9t ch\u1eef \u0111\u01b0\u1ee3c th\u1ec3 hi\u1ec7n r\u00f5 r\u00e0ng tr\u00ean c\u00e1c lo\u1ea1i gi\u1ea5y kh\u00e1c nhau.[\/vc_column_text][vc_single_image image=&#8221;786&#8243; img_size=&#8221;full&#8221; alignment=&#8221;center&#8221; css=&#8221;.vc_custom_1696069914391{margin-bottom: 0px !important;}&#8221;][\/vc_column_inner][vc_column_inner width=&#8221;1\/3&#8243;][vc_column_text el_class=&#8221;.remarkableBox&#8221;] Nh\u1eefng \u0111i\u1ec3m n\u1ed5i b\u1eadt C\u00f4ng ngh\u1ec7 Kuru Toga [&hellip;]","og_url":"https:\/\/www.mp-uni.com\/vn\/product\/kuru-toga\/","og_site_name":"UNI VIETNAM","article_publisher":"https:\/\/www.facebook.com\/uni-Vietnam-248007665744387\/","article_modified_time":"2024-04-17T06:51:14+00:00","og_image":[{"width":1200,"height":675,"url":"https:\/\/www.mp-uni.com\/vn\/wp-content\/uploads\/sites\/3\/2023\/12\/uni-ball_Share.png","type":"image\/png"}],"twitter_card":"summary_large_image","twitter_misc":{"Est. reading time":"2 minutes"},"schema":{"@context":"https:\/\/schema.org","@graph":[{"@type":"WebPage","@id":"https:\/\/www.mp-uni.com\/vn\/product\/kuru-toga\/","url":"https:\/\/www.mp-uni.com\/vn\/product\/kuru-toga\/","name":"KURU TOGA | UNI VIETNAM","isPartOf":{"@id":"https:\/\/www.mp-uni.com\/vn\/#website"},"datePublished":"2023-11-02T07:40:51+00:00","dateModified":"2024-04-17T06:51:14+00:00","breadcrumb":{"@id":"https:\/\/www.mp-uni.com\/vn\/product\/kuru-toga\/#breadcrumb"},"inLanguage":"en-US","potentialAction":[{"@type":"ReadAction","target":["https:\/\/www.mp-uni.com\/vn\/product\/kuru-toga\/"]}]},{"@type":"BreadcrumbList","@id":"https:\/\/www.mp-uni.com\/vn\/product\/kuru-toga\/#breadcrumb","itemListElement":[{"@type":"ListItem","position":1,"name":"Home","item":"https:\/\/www.mp-uni.com\/vn\/"},{"@type":"ListItem","position":2,"name":"S\u1ea3n ph\u1ea9m","item":"https:\/\/www.mp-uni.com\/vn\/product\/"},{"@type":"ListItem","position":3,"name":"KURU TOGA"}]},{"@type":"WebSite","@id":"https:\/\/www.mp-uni.com\/vn\/#website","url":"https:\/\/www.mp-uni.com\/vn\/","name":"UNI VIETNAM","description":"uni Mitsubishi Pencil a leading writing instruments manufacture.","publisher":{"@id":"https:\/\/www.mp-uni.com\/vn\/#organization"},"alternateName":"MITSUBISHI PENCIL CO., LTD.","potentialAction":[{"@type":"SearchAction","target":{"@type":"EntryPoint","urlTemplate":"https:\/\/www.mp-uni.com\/vn\/?s={search_term_string}"},"query-input":{"@type":"PropertyValueSpecification","valueRequired":true,"valueName":"search_term_string"}}],"inLanguage":"en-US"},{"@type":"Organization","@id":"https:\/\/www.mp-uni.com\/vn\/#organization","name":"MITSUBISHI PENCIL CO., LTD.","alternateName":"MITSUBISHI PENCIL CO., LTD.","url":"https:\/\/www.mp-uni.com\/vn\/","logo":{"@type":"ImageObject","inLanguage":"en-US","@id":"https:\/\/www.mp-uni.com\/vn\/#\/schema\/logo\/image\/","url":"https:\/\/www.mp-uni.com\/vn\/wp-content\/uploads\/sites\/3\/2023\/12\/uni-ball.jpg","contentUrl":"https:\/\/www.mp-uni.com\/vn\/wp-content\/uploads\/sites\/3\/2023\/12\/uni-ball.jpg","width":696,"height":696,"caption":"MITSUBISHI PENCIL CO., LTD."},"image":{"@id":"https:\/\/www.mp-uni.com\/vn\/#\/schema\/logo\/image\/"},"sameAs":["https:\/\/www.facebook.com\/uni-Vietnam-248007665744387\/"]}]}},"_links":{"self":[{"href":"https:\/\/www.mp-uni.com\/vn\/wp-json\/wp\/v2\/pages\/782","targetHints":{"allow":["GET"]}}],"collection":[{"href":"https:\/\/www.mp-uni.com\/vn\/wp-json\/wp\/v2\/pages"}],"about":[{"href":"https:\/\/www.mp-uni.com\/vn\/wp-json\/wp\/v2\/types\/page"}],"author":[{"embeddable":true,"href":"https:\/\/www.mp-uni.com\/vn\/wp-json\/wp\/v2\/users\/1"}],"replies":[{"embeddable":true,"href":"https:\/\/www.mp-uni.com\/vn\/wp-json\/wp\/v2\/comments?post=782"}],"version-history":[{"count":40,"href":"https:\/\/www.mp-uni.com\/vn\/wp-json\/wp\/v2\/pages\/782\/revisions"}],"predecessor-version":[{"id":5602,"href":"https:\/\/www.mp-uni.com\/vn\/wp-json\/wp\/v2\/pages\/782\/revisions\/5602"}],"up":[{"embeddable":true,"href":"https:\/\/www.mp-uni.com\/vn\/wp-json\/wp\/v2\/pages\/2"}],"wp:attachment":[{"href":"https:\/\/www.mp-uni.com\/vn\/wp-json\/wp\/v2\/media?parent=782"}],"curies":[{"name":"wp","href":"https:\/\/api.w.org\/{rel}","templated":true}]}}