{"id":825,"date":"2023-09-12T09:43:27","date_gmt":"2023-09-12T02:43:27","guid":{"rendered":"https:\/\/www.mp-uni.com\/?page_id=825"},"modified":"2024-02-23T09:36:41","modified_gmt":"2024-02-23T02:36:41","slug":"shalaku","status":"publish","type":"page","link":"https:\/\/www.mp-uni.com\/vn\/product\/shalaku\/","title":{"rendered":"Shalaku"},"content":{"rendered":"<div class=\"wpb-content-wrapper\"><p>[vc_row][vc_column][vc_row_inner css=&#8221;.vc_custom_1696077721878{margin-bottom: 40px !important;}&#8221;][vc_column_inner width=&#8221;2\/3&#8243;][vc_single_image image=&#8221;829&#8243; img_size=&#8221;full&#8221; css=&#8221;.vc_custom_1696137874985{margin-bottom: 15px !important;}&#8221;][vc_column_text css=&#8221;.vc_custom_1699504870767{margin-bottom: 10px !important;}&#8221;]Lo\u1ea1i b\u00fat ch\u00ec \u0111\u01b0\u1ee3c thi\u1ebft k\u1ebf theo ti\u00eau chu\u1ea9n \u0111\u1ec3 s\u1eed d\u1ee5ng m\u1ed7i ng\u00e0y. \u0110\u1ea3m b\u1ed9 \u0111\u1ed9 s\u00e1ng v\u00e0 m\u01b0\u1ee3t khi vi\u1ebft[\/vc_column_text][vc_single_image image=&#8221;830&#8243; img_size=&#8221;full&#8221; alignment=&#8221;center&#8221; css=&#8221;.vc_custom_1696137534489{margin-bottom: 0px !important;}&#8221;][\/vc_column_inner][vc_column_inner width=&#8221;1\/3&#8243;][vc_column_text el_class=&#8221;.remarkableBox&#8221;]<\/p>\n<h2>\u0110i\u1ec3m \u0111\u1eb7c tr\u01b0ng<\/h2>\n<ul>\n<li>V\u00f2ng \u0111\u1ec7m cao su tho\u1ea3i m\u00e1i<\/li>\n<li>C\u1ee5c t\u1ea9y c\u00f3 n\u1eafp l\u1edbn<\/li>\n<li>C\u00e1c d\u00e2y d\u1eabn c\u00f3 ch\u1ee9a kim c\u01b0\u01a1ng nano, gi\u00fap m\u1ecbn m\u00e0ng v\u00e0 ch\u1eafc ch\u1eafn h\u01a1n<\/li>\n<\/ul>\n<p>[\/vc_column_text][\/vc_column_inner][\/vc_row_inner][vc_row_inner][vc_column_inner width=&#8221;3\/4&#8243;][vc_column_text css=&#8221;.vc_custom_1699608414075{margin-bottom: 20px !important;padding-top: 30px !important;}&#8221;]<\/p>\n<h3>H\u00e0nh \u0111\u1ed9ng nh\u1ea5p chu\u1ed9t b\u00ean ti\u1ec7n d\u1ee5ng<\/h3>\n<p>[\/vc_column_text][vc_column_text]Uni <strong>SHALAKU S<\/strong> l\u00e0 lo\u1ea1i b\u00fat ch\u00ec c\u01a1 h\u1ecdc \u0111\u01b0\u1ee3c thi\u1ebft k\u1ebf ph\u00f9 h\u1ee3p cho vi\u1ec7c s\u1eed d\u1ee5ng h\u00e0ng ng\u00e0y. Thi\u1ebft th\u1ef1c v\u00e0 hi\u1ec7u qu\u1ea3, n\u00f3 c\u00f3 c\u01a1 ch\u1ebf n\u00e2ng cao ch\u00ec b\u00ean c\u1ea1nh \u0111\u1ec3 n\u1ea1p l\u1ea1i ph\u1ea7n ch\u00ec m\u1edbi m\u00e0 kh\u00f4ng c\u1ea7n ph\u1ea3i di chuy\u1ec3n tay ho\u1eb7c ng\u00f3n tay c\u1ee7a b\u1ea1n. N\u00f3 ti\u1ec7n d\u1ee5ng v\u00e0 c\u00f3 kh\u1ea3 n\u0103ng ch\u1ed1ng ch\u1ecbu.[\/vc_column_text][\/vc_column_inner][vc_column_inner width=&#8221;1\/4&#8243;][vc_single_image image=&#8221;833&#8243; img_size=&#8221;full&#8221; alignment=&#8221;center&#8221; onclick=&#8221;link_image&#8221; el_class=&#8221;.border&#8221; css=&#8221;.vc_custom_1696138149889{margin-bottom: 0px !important;}&#8221;][\/vc_column_inner][\/vc_row_inner][vc_row_inner css=&#8221;.vc_custom_1696138616764{margin-bottom: 40px !important;}&#8221;][vc_column_inner width=&#8221;1\/4&#8243;][vc_single_image image=&#8221;834&#8243; img_size=&#8221;full&#8221; alignment=&#8221;center&#8221; onclick=&#8221;link_image&#8221; el_class=&#8221;.border&#8221; css=&#8221;.vc_custom_1696138165353{margin-bottom: 0px !important;}&#8221;][\/vc_column_inner][vc_column_inner width=&#8221;3\/4&#8243;][vc_column_text css=&#8221;.vc_custom_1699608475558{margin-bottom: 20px !important;padding-top: 30px !important;}&#8221;]<\/p>\n<h3>\u0110i k\u00e8m v\u1edbi m\u1ed9t c\u1ee5c t\u1ea9y c\u00f3 n\u1eafp l\u1edbn<\/h3>\n<p>[\/vc_column_text][vc_column_text]C\u1ee5c t\u1ea9y t\u00edch h\u1ee3p, \u0111\u01b0\u1ee3c b\u1ea3o v\u1ec7 b\u00ean d\u01b0\u1edbi n\u1eafp[\/vc_column_text][\/vc_column_inner][\/vc_row_inner][\/vc_column][\/vc_row]<\/p>\n<\/div>","protected":false},"excerpt":{"rendered":"<p>[vc_row][vc_column][vc_row_inner css=&#8221;.vc_custom_1696077721878{margin-bottom: 40px !important;}&#8221;][vc_column_inner width=&#8221;2\/3&#8243;][vc_single_image image=&#8221;829&#8243; img_size=&#8221;full&#8221; css=&#8221;.vc_custom_1696137874985{margin-bottom: 15px !important;}&#8221;][vc_column_text css=&#8221;.vc_custom_1699504870767{margin-bottom: 10px !important;}&#8221;]Lo\u1ea1i b\u00fat ch\u00ec \u0111\u01b0\u1ee3c thi\u1ebft k\u1ebf theo ti\u00eau chu\u1ea9n \u0111\u1ec3 s\u1eed d\u1ee5ng m\u1ed7i ng\u00e0y. \u0110\u1ea3m b\u1ed9 \u0111\u1ed9 s\u00e1ng v\u00e0 m\u01b0\u1ee3t khi vi\u1ebft[\/vc_column_text][vc_single_image image=&#8221;830&#8243; img_size=&#8221;full&#8221; alignment=&#8221;center&#8221; css=&#8221;.vc_custom_1696137534489{margin-bottom: 0px !important;}&#8221;][\/vc_column_inner][vc_column_inner width=&#8221;1\/3&#8243;][vc_column_text el_class=&#8221;.remarkableBox&#8221;] \u0110i\u1ec3m \u0111\u1eb7c tr\u01b0ng V\u00f2ng \u0111\u1ec7m cao su tho\u1ea3i m\u00e1i C\u1ee5c t\u1ea9y c\u00f3 n\u1eafp [&hellip;]<\/p>\n","protected":false},"author":1,"featured_media":0,"parent":2,"menu_order":8,"comment_status":"closed","ping_status":"closed","template":"","meta":{"footnotes":"","_links_to":"","_links_to_target":""},"class_list":["post-825","page","type-page","status-publish","hentry"],"yoast_head":"<!-- This site is optimized with the Yoast SEO plugin v26.2 - https:\/\/yoast.com\/wordpress\/plugins\/seo\/ -->\n<title>Shalaku | UNI VIETNAM<\/title>\n<meta name=\"robots\" content=\"index, follow, max-snippet:-1, max-image-preview:large, max-video-preview:-1\" \/>\n<link rel=\"canonical\" href=\"https:\/\/www.mp-uni.com\/vn\/product\/shalaku\/\" \/>\n<meta property=\"og:locale\" content=\"en_US\" \/>\n<meta property=\"og:type\" content=\"article\" \/>\n<meta property=\"og:title\" content=\"Shalaku | UNI VIETNAM\" \/>\n<meta property=\"og:description\" content=\"[vc_row][vc_column][vc_row_inner css=&#8221;.vc_custom_1696077721878{margin-bottom: 40px !important;}&#8221;][vc_column_inner width=&#8221;2\/3&#8243;][vc_single_image image=&#8221;829&#8243; img_size=&#8221;full&#8221; css=&#8221;.vc_custom_1696137874985{margin-bottom: 15px !important;}&#8221;][vc_column_text css=&#8221;.vc_custom_1699504870767{margin-bottom: 10px !important;}&#8221;]Lo\u1ea1i b\u00fat ch\u00ec \u0111\u01b0\u1ee3c thi\u1ebft k\u1ebf theo ti\u00eau chu\u1ea9n \u0111\u1ec3 s\u1eed d\u1ee5ng m\u1ed7i ng\u00e0y. \u0110\u1ea3m b\u1ed9 \u0111\u1ed9 s\u00e1ng v\u00e0 m\u01b0\u1ee3t khi vi\u1ebft[\/vc_column_text][vc_single_image image=&#8221;830&#8243; img_size=&#8221;full&#8221; alignment=&#8221;center&#8221; css=&#8221;.vc_custom_1696137534489{margin-bottom: 0px !important;}&#8221;][\/vc_column_inner][vc_column_inner width=&#8221;1\/3&#8243;][vc_column_text el_class=&#8221;.remarkableBox&#8221;] \u0110i\u1ec3m \u0111\u1eb7c tr\u01b0ng V\u00f2ng \u0111\u1ec7m cao su tho\u1ea3i m\u00e1i C\u1ee5c t\u1ea9y c\u00f3 n\u1eafp [&hellip;]\" \/>\n<meta property=\"og:url\" content=\"https:\/\/www.mp-uni.com\/vn\/product\/shalaku\/\" \/>\n<meta property=\"og:site_name\" content=\"UNI VIETNAM\" \/>\n<meta property=\"article:publisher\" content=\"https:\/\/www.facebook.com\/uni-Vietnam-248007665744387\/\" \/>\n<meta property=\"article:modified_time\" content=\"2024-02-23T02:36:41+00:00\" \/>\n<meta property=\"og:image\" content=\"https:\/\/www.mp-uni.com\/vn\/wp-content\/uploads\/sites\/3\/2023\/12\/uni-ball_Share.png\" \/>\n\t<meta property=\"og:image:width\" content=\"1200\" \/>\n\t<meta property=\"og:image:height\" content=\"675\" \/>\n\t<meta property=\"og:image:type\" content=\"image\/png\" \/>\n<meta name=\"twitter:card\" content=\"summary_large_image\" \/>\n<meta name=\"twitter:label1\" content=\"Est. reading time\" \/>\n\t<meta name=\"twitter:data1\" content=\"4 minutes\" \/>\n<script type=\"application\/ld+json\" class=\"yoast-schema-graph\">{\"@context\":\"https:\/\/schema.org\",\"@graph\":[{\"@type\":\"WebPage\",\"@id\":\"https:\/\/www.mp-uni.com\/vn\/product\/shalaku\/\",\"url\":\"https:\/\/www.mp-uni.com\/vn\/product\/shalaku\/\",\"name\":\"Shalaku | UNI VIETNAM\",\"isPartOf\":{\"@id\":\"https:\/\/www.mp-uni.com\/vn\/#website\"},\"datePublished\":\"2023-09-12T02:43:27+00:00\",\"dateModified\":\"2024-02-23T02:36:41+00:00\",\"breadcrumb\":{\"@id\":\"https:\/\/www.mp-uni.com\/vn\/product\/shalaku\/#breadcrumb\"},\"inLanguage\":\"en-US\",\"potentialAction\":[{\"@type\":\"ReadAction\",\"target\":[\"https:\/\/www.mp-uni.com\/vn\/product\/shalaku\/\"]}]},{\"@type\":\"BreadcrumbList\",\"@id\":\"https:\/\/www.mp-uni.com\/vn\/product\/shalaku\/#breadcrumb\",\"itemListElement\":[{\"@type\":\"ListItem\",\"position\":1,\"name\":\"Home\",\"item\":\"https:\/\/www.mp-uni.com\/vn\/\"},{\"@type\":\"ListItem\",\"position\":2,\"name\":\"S\u1ea3n ph\u1ea9m\",\"item\":\"https:\/\/www.mp-uni.com\/vn\/product\/\"},{\"@type\":\"ListItem\",\"position\":3,\"name\":\"Shalaku\"}]},{\"@type\":\"WebSite\",\"@id\":\"https:\/\/www.mp-uni.com\/vn\/#website\",\"url\":\"https:\/\/www.mp-uni.com\/vn\/\",\"name\":\"UNI VIETNAM\",\"description\":\"uni Mitsubishi Pencil a leading writing instruments manufacture.\",\"publisher\":{\"@id\":\"https:\/\/www.mp-uni.com\/vn\/#organization\"},\"alternateName\":\"MITSUBISHI PENCIL CO., LTD.\",\"potentialAction\":[{\"@type\":\"SearchAction\",\"target\":{\"@type\":\"EntryPoint\",\"urlTemplate\":\"https:\/\/www.mp-uni.com\/vn\/?s={search_term_string}\"},\"query-input\":{\"@type\":\"PropertyValueSpecification\",\"valueRequired\":true,\"valueName\":\"search_term_string\"}}],\"inLanguage\":\"en-US\"},{\"@type\":\"Organization\",\"@id\":\"https:\/\/www.mp-uni.com\/vn\/#organization\",\"name\":\"MITSUBISHI PENCIL CO., LTD.\",\"alternateName\":\"MITSUBISHI PENCIL CO., LTD.\",\"url\":\"https:\/\/www.mp-uni.com\/vn\/\",\"logo\":{\"@type\":\"ImageObject\",\"inLanguage\":\"en-US\",\"@id\":\"https:\/\/www.mp-uni.com\/vn\/#\/schema\/logo\/image\/\",\"url\":\"https:\/\/www.mp-uni.com\/vn\/wp-content\/uploads\/sites\/3\/2023\/12\/uni-ball.jpg\",\"contentUrl\":\"https:\/\/www.mp-uni.com\/vn\/wp-content\/uploads\/sites\/3\/2023\/12\/uni-ball.jpg\",\"width\":696,\"height\":696,\"caption\":\"MITSUBISHI PENCIL CO., LTD.\"},\"image\":{\"@id\":\"https:\/\/www.mp-uni.com\/vn\/#\/schema\/logo\/image\/\"},\"sameAs\":[\"https:\/\/www.facebook.com\/uni-Vietnam-248007665744387\/\"]}]}<\/script>\n<!-- \/ Yoast SEO plugin. -->","yoast_head_json":{"title":"Shalaku | UNI VIETNAM","robots":{"index":"index","follow":"follow","max-snippet":"max-snippet:-1","max-image-preview":"max-image-preview:large","max-video-preview":"max-video-preview:-1"},"canonical":"https:\/\/www.mp-uni.com\/vn\/product\/shalaku\/","og_locale":"en_US","og_type":"article","og_title":"Shalaku | UNI VIETNAM","og_description":"[vc_row][vc_column][vc_row_inner css=&#8221;.vc_custom_1696077721878{margin-bottom: 40px !important;}&#8221;][vc_column_inner width=&#8221;2\/3&#8243;][vc_single_image image=&#8221;829&#8243; img_size=&#8221;full&#8221; css=&#8221;.vc_custom_1696137874985{margin-bottom: 15px !important;}&#8221;][vc_column_text css=&#8221;.vc_custom_1699504870767{margin-bottom: 10px !important;}&#8221;]Lo\u1ea1i b\u00fat ch\u00ec \u0111\u01b0\u1ee3c thi\u1ebft k\u1ebf theo ti\u00eau chu\u1ea9n \u0111\u1ec3 s\u1eed d\u1ee5ng m\u1ed7i ng\u00e0y. \u0110\u1ea3m b\u1ed9 \u0111\u1ed9 s\u00e1ng v\u00e0 m\u01b0\u1ee3t khi vi\u1ebft[\/vc_column_text][vc_single_image image=&#8221;830&#8243; img_size=&#8221;full&#8221; alignment=&#8221;center&#8221; css=&#8221;.vc_custom_1696137534489{margin-bottom: 0px !important;}&#8221;][\/vc_column_inner][vc_column_inner width=&#8221;1\/3&#8243;][vc_column_text el_class=&#8221;.remarkableBox&#8221;] \u0110i\u1ec3m \u0111\u1eb7c tr\u01b0ng V\u00f2ng \u0111\u1ec7m cao su tho\u1ea3i m\u00e1i C\u1ee5c t\u1ea9y c\u00f3 n\u1eafp [&hellip;]","og_url":"https:\/\/www.mp-uni.com\/vn\/product\/shalaku\/","og_site_name":"UNI VIETNAM","article_publisher":"https:\/\/www.facebook.com\/uni-Vietnam-248007665744387\/","article_modified_time":"2024-02-23T02:36:41+00:00","og_image":[{"width":1200,"height":675,"url":"https:\/\/www.mp-uni.com\/vn\/wp-content\/uploads\/sites\/3\/2023\/12\/uni-ball_Share.png","type":"image\/png"}],"twitter_card":"summary_large_image","twitter_misc":{"Est. reading time":"4 minutes"},"schema":{"@context":"https:\/\/schema.org","@graph":[{"@type":"WebPage","@id":"https:\/\/www.mp-uni.com\/vn\/product\/shalaku\/","url":"https:\/\/www.mp-uni.com\/vn\/product\/shalaku\/","name":"Shalaku | UNI VIETNAM","isPartOf":{"@id":"https:\/\/www.mp-uni.com\/vn\/#website"},"datePublished":"2023-09-12T02:43:27+00:00","dateModified":"2024-02-23T02:36:41+00:00","breadcrumb":{"@id":"https:\/\/www.mp-uni.com\/vn\/product\/shalaku\/#breadcrumb"},"inLanguage":"en-US","potentialAction":[{"@type":"ReadAction","target":["https:\/\/www.mp-uni.com\/vn\/product\/shalaku\/"]}]},{"@type":"BreadcrumbList","@id":"https:\/\/www.mp-uni.com\/vn\/product\/shalaku\/#breadcrumb","itemListElement":[{"@type":"ListItem","position":1,"name":"Home","item":"https:\/\/www.mp-uni.com\/vn\/"},{"@type":"ListItem","position":2,"name":"S\u1ea3n ph\u1ea9m","item":"https:\/\/www.mp-uni.com\/vn\/product\/"},{"@type":"ListItem","position":3,"name":"Shalaku"}]},{"@type":"WebSite","@id":"https:\/\/www.mp-uni.com\/vn\/#website","url":"https:\/\/www.mp-uni.com\/vn\/","name":"UNI VIETNAM","description":"uni Mitsubishi Pencil a leading writing instruments manufacture.","publisher":{"@id":"https:\/\/www.mp-uni.com\/vn\/#organization"},"alternateName":"MITSUBISHI PENCIL CO., LTD.","potentialAction":[{"@type":"SearchAction","target":{"@type":"EntryPoint","urlTemplate":"https:\/\/www.mp-uni.com\/vn\/?s={search_term_string}"},"query-input":{"@type":"PropertyValueSpecification","valueRequired":true,"valueName":"search_term_string"}}],"inLanguage":"en-US"},{"@type":"Organization","@id":"https:\/\/www.mp-uni.com\/vn\/#organization","name":"MITSUBISHI PENCIL CO., LTD.","alternateName":"MITSUBISHI PENCIL CO., LTD.","url":"https:\/\/www.mp-uni.com\/vn\/","logo":{"@type":"ImageObject","inLanguage":"en-US","@id":"https:\/\/www.mp-uni.com\/vn\/#\/schema\/logo\/image\/","url":"https:\/\/www.mp-uni.com\/vn\/wp-content\/uploads\/sites\/3\/2023\/12\/uni-ball.jpg","contentUrl":"https:\/\/www.mp-uni.com\/vn\/wp-content\/uploads\/sites\/3\/2023\/12\/uni-ball.jpg","width":696,"height":696,"caption":"MITSUBISHI PENCIL CO., LTD."},"image":{"@id":"https:\/\/www.mp-uni.com\/vn\/#\/schema\/logo\/image\/"},"sameAs":["https:\/\/www.facebook.com\/uni-Vietnam-248007665744387\/"]}]}},"_links":{"self":[{"href":"https:\/\/www.mp-uni.com\/vn\/wp-json\/wp\/v2\/pages\/825","targetHints":{"allow":["GET"]}}],"collection":[{"href":"https:\/\/www.mp-uni.com\/vn\/wp-json\/wp\/v2\/pages"}],"about":[{"href":"https:\/\/www.mp-uni.com\/vn\/wp-json\/wp\/v2\/types\/page"}],"author":[{"embeddable":true,"href":"https:\/\/www.mp-uni.com\/vn\/wp-json\/wp\/v2\/users\/1"}],"replies":[{"embeddable":true,"href":"https:\/\/www.mp-uni.com\/vn\/wp-json\/wp\/v2\/comments?post=825"}],"version-history":[{"count":24,"href":"https:\/\/www.mp-uni.com\/vn\/wp-json\/wp\/v2\/pages\/825\/revisions"}],"predecessor-version":[{"id":5596,"href":"https:\/\/www.mp-uni.com\/vn\/wp-json\/wp\/v2\/pages\/825\/revisions\/5596"}],"up":[{"embeddable":true,"href":"https:\/\/www.mp-uni.com\/vn\/wp-json\/wp\/v2\/pages\/2"}],"wp:attachment":[{"href":"https:\/\/www.mp-uni.com\/vn\/wp-json\/wp\/v2\/media?parent=825"}],"curies":[{"name":"wp","href":"https:\/\/api.w.org\/{rel}","templated":true}]}}